{"id":102,"date":"2024-10-31T09:48:45","date_gmt":"2024-10-31T08:48:45","guid":{"rendered":"https:\/\/cedric-aufildeleau.fr\/?page_id=102"},"modified":"2024-12-24T10:45:21","modified_gmt":"2024-12-24T09:45:21","slug":"stage-peche-parents-et-enfants","status":"publish","type":"page","link":"https:\/\/cedric-aufildeleau.fr\/index.php\/stage-peche-parents-et-enfants\/","title":{"rendered":"Stage Parent(s) et enfant(s)"},"content":{"rendered":"\n<figure class=\"wp-block-pullquote has-text-align-center has-border-color has-white-color has-text-color has-link-color has-medium-font-size wp-elements-d9aba04a8ff5a1fd3f6c5072919a07fd\" style=\"border-color:#ffffff;border-width:2px;border-radius:24px\"><blockquote><p><strong>\u00ab\u00a0Le plus grand h\u00e9ritage qu\u2019un parent puisse l\u00e9guer \u00e0 un enfant est le souvenir de son amour. Le reste sera de moindre valeur.\u00a0\u00bb <\/strong><a href=\"https:\/\/www.arpette.org\/divers\/citation-d-amour-parental\/?utm_source=chatgpt.com\" target=\"_blank\" rel=\"noreferrer noopener\"><\/a><\/p><\/blockquote><\/figure>\n\n\n\n<div class=\"wp-block-uagb-container uagb-block-5c09abd4 alignfull uagb-is-root-container\"><div class=\"uagb-container-inner-blocks-wrap\">\n<h2 class=\"wp-block-heading has-medium-font-size\"><strong>Vous cherchez un stage p\u00eache Parents et enfants dans le Puy-de-D\u00f4me ?<\/strong><\/h2>\n\n\n\n<p class=\"has-medium-font-size\">Chez C\u00e9dric Au Fil de l&rsquo;Eau, ces stages sont sp\u00e9cialement con\u00e7us pour cr\u00e9er des liens et de beaux souvenirs au bord de l&rsquo;eau ou sur l&rsquo;eau. Et ainsi transmettre la passion de la p\u00eache, en famille, dans un cadre naturel exceptionnel soigneusement choisi par votre guide.<\/p>\n\n\n\n<div class=\"wp-block-uagb-image uagb-block-95d77bc6 wp-block-uagb-image--layout-overlay wp-block-uagb-image--effect-static wp-block-uagb-image--align-none\"><figure class=\"wp-block-uagb-image__figure\"><img decoding=\"async\" srcset=\"https:\/\/cedric-aufildeleau.fr\/wp-content\/uploads\/2024\/12\/IMG_0225-3-1024x768.webp ,https:\/\/cedric-aufildeleau.fr\/wp-content\/uploads\/2024\/12\/IMG_0225-3.webp 780w, https:\/\/cedric-aufildeleau.fr\/wp-content\/uploads\/2024\/12\/IMG_0225-3.webp 360w\" sizes=\"auto, (max-width: 480px) 150px\" src=\"https:\/\/cedric-aufildeleau.fr\/wp-content\/uploads\/2024\/12\/IMG_0225-3-1024x768.webp\" alt=\"\" class=\"uag-image-1528\" width=\"613\" height=\"459\" title=\"IMG_0225\" loading=\"lazy\" role=\"img\"\/><div class=\"wp-block-uagb-image--layout-overlay__color-wrapper\"><\/div><div class=\"wp-block-uagb-image--layout-overlay__inner center-center\"><\/div><\/figure><\/div>\n\n\n\n<div class=\"wp-block-uagb-image uagb-block-c29ee276 wp-block-uagb-image--layout-overlay wp-block-uagb-image--effect-static wp-block-uagb-image--align-none\"><figure class=\"wp-block-uagb-image__figure\"><img decoding=\"async\" srcset=\"https:\/\/cedric-aufildeleau.fr\/wp-content\/uploads\/2024\/12\/IMG_0978-2-1024x768.webp ,https:\/\/cedric-aufildeleau.fr\/wp-content\/uploads\/2024\/12\/IMG_0978-2.webp 780w, https:\/\/cedric-aufildeleau.fr\/wp-content\/uploads\/2024\/12\/IMG_0978-2.webp 360w\" sizes=\"auto, (max-width: 480px) 150px\" src=\"https:\/\/cedric-aufildeleau.fr\/wp-content\/uploads\/2024\/12\/IMG_0978-2-1024x768.webp\" alt=\"\" class=\"uag-image-1530\" width=\"1024\" height=\"768\" title=\"IMG_0978\" loading=\"lazy\" role=\"img\"\/><div class=\"wp-block-uagb-image--layout-overlay__color-wrapper\"><\/div><div class=\"wp-block-uagb-image--layout-overlay__inner center-center\"><\/div><\/figure><\/div>\n<\/div><\/div>\n\n\n\n<div class=\"wp-block-uagb-buttons uagb-buttons__outer-wrap uagb-btn__default-btn uagb-btn-tablet__default-btn uagb-btn-mobile__default-btn uagb-block-72c2415c\"><div class=\"uagb-buttons__wrap uagb-buttons-layout-wrap \">\n<div class=\"wp-block-uagb-buttons-child uagb-buttons__outer-wrap uagb-block-c60d9d39 wp-block-button\"><div class=\"uagb-button__wrapper\"><a class=\"uagb-buttons-repeater wp-block-button__link\" aria-label=\"\" href=\"https:\/\/tally.so\/r\/wb2eP1\" rel=\"follow noopener\" target=\"_self\" role=\"button\"><div class=\"uagb-button__link\">Contactez-moi.<\/div><span class=\"uagb-button__icon uagb-button__icon-position-after\"><svg xmlns=\"https:\/\/www.w3.org\/2000\/svg\" viewBox=\"0 0 448 512\" aria-hidden=\"true\" focussable=\"false\"><path d=\"M438.6 278.6l-160 160C272.4 444.9 264.2 448 256 448s-16.38-3.125-22.62-9.375c-12.5-12.5-12.5-32.75 0-45.25L338.8 288H32C14.33 288 .0016 273.7 .0016 256S14.33 224 32 224h306.8l-105.4-105.4c-12.5-12.5-12.5-32.75 0-45.25s32.75-12.5 45.25 0l160 160C451.1 245.9 451.1 266.1 438.6 278.6z\"><\/path><\/svg><\/span><\/a><\/div><\/div>\n<\/div><\/div>\n\n\n\n<div class=\"wp-block-uagb-buttons uagb-buttons__outer-wrap uagb-btn__default-btn uagb-btn-tablet__default-btn uagb-btn-mobile__default-btn uagb-block-1bf70c6b\"><div class=\"uagb-buttons__wrap uagb-buttons-layout-wrap \">\n<div class=\"wp-block-uagb-buttons-child uagb-buttons__outer-wrap uagb-block-2ef8caf9 wp-block-button\"><div class=\"uagb-button__wrapper\"><a class=\"uagb-buttons-repeater wp-block-button__link\" aria-label=\"\" href=\"https:\/\/cedric-aufildeleau.fr\/index.php\/tarifs-peche-animations-pour-tous-publics\/\" rel=\"follow noopener\" target=\"_self\" role=\"button\"><div class=\"uagb-button__link\">Info et tarifs<\/div><span class=\"uagb-button__icon uagb-button__icon-position-after\"><svg xmlns=\"https:\/\/www.w3.org\/2000\/svg\" viewBox=\"0 0 448 512\" aria-hidden=\"true\" focussable=\"false\"><path d=\"M438.6 278.6l-160 160C272.4 444.9 264.2 448 256 448s-16.38-3.125-22.62-9.375c-12.5-12.5-12.5-32.75 0-45.25L338.8 288H32C14.33 288 .0016 273.7 .0016 256S14.33 224 32 224h306.8l-105.4-105.4c-12.5-12.5-12.5-32.75 0-45.25s32.75-12.5 45.25 0l160 160C451.1 245.9 451.1 266.1 438.6 278.6z\"><\/path><\/svg><\/span><\/a><\/div><\/div>\n<\/div><\/div>\n\n\n\n<div class=\"wp-block-uagb-container uagb-block-d8aebcbb alignfull uagb-is-root-container\"><div class=\"uagb-container-inner-blocks-wrap\">\n<p class=\"has-medium-font-size\">Un stage de p\u00eache Parents et enfants dans le <a href=\"https:\/\/fr.wikipedia.org\/wiki\/Puy_de_D%C3%B4me\">Puy-de-D\u00f4me<\/a> pour vivre, au bord de l\u2019eau, une belle exp\u00e9rience en partageant rires et \u00e9merveillement avec votre enfant, dans un cadre naturel exceptionnel. Aujourd&rsquo;hui, ces moments de complicit\u00e9 sont plus que pr\u00e9cieux, et c\u2019est exactement ce que je vous propose avec ces stages . Ensemble, vous apprendrez non seulement les techniques de p\u00eache qui vous sont adapt\u00e9es, mais nous cultiverons aussi des valeurs essentielles : le respect de la nature, l\u2019\u00e9coute, et la joie d\u2019apprendre ensemble.<\/p>\n\n\n\n<div class=\"wp-block-uagb-image uagb-block-ecca8b32 wp-block-uagb-image--layout-overlay wp-block-uagb-image--effect-static wp-block-uagb-image--align-none\"><figure class=\"wp-block-uagb-image__figure\"><img decoding=\"async\" srcset=\"https:\/\/cedric-aufildeleau.fr\/wp-content\/uploads\/2024\/12\/IMG_5458-1-1024x768.jpg ,https:\/\/cedric-aufildeleau.fr\/wp-content\/uploads\/2024\/12\/IMG_5458-1.jpg 780w, https:\/\/cedric-aufildeleau.fr\/wp-content\/uploads\/2024\/12\/IMG_5458-1.jpg 360w\" sizes=\"auto, (max-width: 480px) 150px\" src=\"https:\/\/cedric-aufildeleau.fr\/wp-content\/uploads\/2024\/12\/IMG_5458-1-1024x768.jpg\" alt=\"\" class=\"uag-image-600\" width=\"1024\" height=\"768\" title=\"IMG_5458\" loading=\"lazy\" role=\"img\"\/><div class=\"wp-block-uagb-image--layout-overlay__color-wrapper\"><\/div><div class=\"wp-block-uagb-image--layout-overlay__inner center-center\"><\/div><\/figure><\/div>\n\n\n\n<p class=\"has-medium-font-size\">Je souhaite que cette exp\u00e9rience soit un moment de bonheur simple. Pour que chaque membre de la famille reparte avec le sourire. Mais aussi des souvenirs plein la t\u00eate et l\u2019envie de poursuivre cette belle aventure qu\u2019est la p\u00eache.<\/p>\n\n\n\n<div class=\"wp-block-uagb-image uagb-block-c352febf wp-block-uagb-image--layout-overlay wp-block-uagb-image--effect-static wp-block-uagb-image--align-none\"><figure class=\"wp-block-uagb-image__figure\"><img decoding=\"async\" srcset=\"https:\/\/cedric-aufildeleau.fr\/wp-content\/uploads\/2024\/12\/P1090278.webp ,https:\/\/cedric-aufildeleau.fr\/wp-content\/uploads\/2024\/12\/P1090278.webp 780w, https:\/\/cedric-aufildeleau.fr\/wp-content\/uploads\/2024\/12\/P1090278.webp 360w\" sizes=\"auto, (max-width: 480px) 150px\" src=\"https:\/\/cedric-aufildeleau.fr\/wp-content\/uploads\/2024\/12\/P1090278.webp\" alt=\"Ian et son p\u00e8re \" class=\"uag-image-594\" width=\"465\" height=\"620\" title=\"P1090278\" loading=\"lazy\" role=\"img\"\/><div class=\"wp-block-uagb-image--layout-overlay__color-wrapper\"><\/div><div class=\"wp-block-uagb-image--layout-overlay__inner center-center\"><\/div><\/figure><\/div>\n\n\n\n<div class=\"wp-block-uagb-image uagb-block-270cbb63 wp-block-uagb-image--layout-overlay wp-block-uagb-image--effect-static wp-block-uagb-image--align-none\"><figure class=\"wp-block-uagb-image__figure\"><img decoding=\"async\" srcset=\"https:\/\/cedric-aufildeleau.fr\/wp-content\/uploads\/2024\/12\/IMG_0252.webp ,https:\/\/cedric-aufildeleau.fr\/wp-content\/uploads\/2024\/12\/IMG_0252.webp 780w, https:\/\/cedric-aufildeleau.fr\/wp-content\/uploads\/2024\/12\/IMG_0252.webp 360w\" sizes=\"auto, (max-width: 480px) 150px\" src=\"https:\/\/cedric-aufildeleau.fr\/wp-content\/uploads\/2024\/12\/IMG_0252.webp\" alt=\"Loann \" class=\"uag-image-593\" width=\"469\" height=\"625\" title=\"IMG_0252\" loading=\"lazy\" role=\"img\"\/><div class=\"wp-block-uagb-image--layout-overlay__color-wrapper\"><\/div><div class=\"wp-block-uagb-image--layout-overlay__inner center-center\"><\/div><\/figure><\/div>\n<\/div><\/div>\n\n\n\n<p class=\"has-medium-font-size\">Ces stages sont disponibles pour tous et toutes. \u00c0 la journ\u00e9e ou en demi-journ\u00e9e. Avec un tarif avantageux sur cette formule. N&rsquo;h\u00e9sitez pas. <\/p>\n\n\n\n<div class=\"wp-block-uagb-buttons uagb-buttons__outer-wrap uagb-btn__default-btn uagb-btn-tablet__default-btn uagb-btn-mobile__default-btn uagb-block-5ff42446\"><div class=\"uagb-buttons__wrap uagb-buttons-layout-wrap \">\n<div class=\"wp-block-uagb-buttons-child uagb-buttons__outer-wrap uagb-block-ef21424b wp-block-button\"><div class=\"uagb-button__wrapper\"><a class=\"uagb-buttons-repeater wp-block-button__link\" aria-label=\"\" href=\"https:\/\/tally.so\/r\/wb2eP1\" rel=\"follow noopener\" target=\"_self\" role=\"button\"><div class=\"uagb-button__link\">Contactez-moi.<\/div><span class=\"uagb-button__icon uagb-button__icon-position-after\"><svg xmlns=\"https:\/\/www.w3.org\/2000\/svg\" viewBox=\"0 0 448 512\" aria-hidden=\"true\" focussable=\"false\"><path d=\"M438.6 278.6l-160 160C272.4 444.9 264.2 448 256 448s-16.38-3.125-22.62-9.375c-12.5-12.5-12.5-32.75 0-45.25L338.8 288H32C14.33 288 .0016 273.7 .0016 256S14.33 224 32 224h306.8l-105.4-105.4c-12.5-12.5-12.5-32.75 0-45.25s32.75-12.5 45.25 0l160 160C451.1 245.9 451.1 266.1 438.6 278.6z\"><\/path><\/svg><\/span><\/a><\/div><\/div>\n<\/div><\/div>\n\n\n\n<div class=\"wp-block-uagb-buttons uagb-buttons__outer-wrap uagb-btn__default-btn uagb-btn-tablet__default-btn uagb-btn-mobile__default-btn uagb-block-5e407f9a\"><div class=\"uagb-buttons__wrap uagb-buttons-layout-wrap \">\n<div class=\"wp-block-uagb-buttons-child uagb-buttons__outer-wrap uagb-block-9e7c640a wp-block-button\"><div class=\"uagb-button__wrapper\"><a class=\"uagb-buttons-repeater wp-block-button__link\" aria-label=\"\" href=\"https:\/\/cedric-aufildeleau.fr\/index.php\/tarifs-peche-animations-pour-tous-publics\/\" rel=\"follow noopener\" target=\"_self\" role=\"button\"><div class=\"uagb-button__link\">Info et tarifs<\/div><span class=\"uagb-button__icon uagb-button__icon-position-after\"><svg xmlns=\"https:\/\/www.w3.org\/2000\/svg\" viewBox=\"0 0 448 512\" aria-hidden=\"true\" focussable=\"false\"><path d=\"M438.6 278.6l-160 160C272.4 444.9 264.2 448 256 448s-16.38-3.125-22.62-9.375c-12.5-12.5-12.5-32.75 0-45.25L338.8 288H32C14.33 288 .0016 273.7 .0016 256S14.33 224 32 224h306.8l-105.4-105.4c-12.5-12.5-12.5-32.75 0-45.25s32.75-12.5 45.25 0l160 160C451.1 245.9 451.1 266.1 438.6 278.6z\"><\/path><\/svg><\/span><\/a><\/div><\/div>\n<\/div><\/div>\n","protected":false},"excerpt":{"rendered":"<p>\u00ab\u00a0Le plus grand h\u00e9ritage qu\u2019un parent puisse l\u00e9guer \u00e0 un enfant est le souvenir de son amour. Le reste sera [&hellip;]<\/p>\n","protected":false},"author":1,"featured_media":0,"parent":0,"menu_order":0,"comment_status":"closed","ping_status":"closed","template":"","meta":{"_uag_custom_page_level_css":"","site-sidebar-layout":"default","site-content-layout":"","ast-site-content-layout":"default","site-content-style":"default","site-sidebar-style":"default","ast-global-header-display":"","ast-banner-title-visibility":"","ast-main-header-display":"","ast-hfb-above-header-display":"","ast-hfb-below-header-display":"","ast-hfb-mobile-header-display":"","site-post-title":"","ast-breadcrumbs-content":"","ast-featured-img":"","footer-sml-layout":"","ast-disable-related-posts":"","theme-transparent-header-meta":"","adv-header-id-meta":"","stick-header-meta":"","header-above-stick-meta":"","header-main-stick-meta":"","header-below-stick-meta":"","astra-migrate-meta-layouts":"default","ast-page-background-enabled":"default","ast-page-background-meta":{"desktop":{"background-color":"var(--ast-global-color-4)","background-image":"","background-repeat":"repeat","background-position":"center center","background-size":"auto","background-attachment":"scroll","background-type":"","background-media":"","overlay-type":"","overlay-color":"","overlay-opacity":"","overlay-gradient":""},"tablet":{"background-color":"","background-image":"","background-repeat":"repeat","background-position":"center center","background-size":"auto","background-attachment":"scroll","background-type":"","background-media":"","overlay-type":"","overlay-color":"","overlay-opacity":"","overlay-gradient":""},"mobile":{"background-color":"","background-image":"","background-repeat":"repeat","background-position":"center center","background-size":"auto","background-attachment":"scroll","background-type":"","background-media":"","overlay-type":"","overlay-color":"","overlay-opacity":"","overlay-gradient":""}},"ast-content-background-meta":{"desktop":{"background-color":"var(--ast-global-color-5)","background-image":"","background-repeat":"repeat","background-position":"center center","background-size":"auto","background-attachment":"scroll","background-type":"","background-media":"","overlay-type":"","overlay-color":"","overlay-opacity":"","overlay-gradient":""},"tablet":{"background-color":"var(--ast-global-color-5)","background-image":"","background-repeat":"repeat","background-position":"center center","background-size":"auto","background-attachment":"scroll","background-type":"","background-media":"","overlay-type":"","overlay-color":"","overlay-opacity":"","overlay-gradient":""},"mobile":{"background-color":"var(--ast-global-color-5)","background-image":"","background-repeat":"repeat","background-position":"center center","background-size":"auto","background-attachment":"scroll","background-type":"","background-media":"","overlay-type":"","overlay-color":"","overlay-opacity":"","overlay-gradient":""}},"footnotes":""},"class_list":["post-102","page","type-page","status-publish","hentry"],"yoast_head":"<!-- This site is optimized with the Yoast SEO plugin v27.3 - https:\/\/yoast.com\/product\/yoast-seo-wordpress\/ -->\n<title>Stage p\u00eache Parents et enfants dans le Puy-de-D\u00f4me<\/title>\n<meta name=\"description\" content=\"Stage de p\u00eache Parents et enfants avec C\u00e9dric Au Fil de l&#039;Eau dans le Puy-de-D\u00f4me. Cr\u00e9ez des souvenirs inoubliables.\" \/>\n<meta name=\"robots\" content=\"index, follow, max-snippet:-1, max-image-preview:large, max-video-preview:-1\" \/>\n<link rel=\"canonical\" href=\"https:\/\/cedric-aufildeleau.fr\/index.php\/stage-peche-parents-et-enfants\/\" \/>\n<meta property=\"og:locale\" content=\"fr_FR\" \/>\n<meta property=\"og:type\" content=\"article\" \/>\n<meta property=\"og:title\" content=\"Stage p\u00eache Parents et enfants dans le Puy-de-D\u00f4me\" \/>\n<meta property=\"og:description\" content=\"Stage de p\u00eache Parents et enfants avec C\u00e9dric Au Fil de l&#039;Eau dans le Puy-de-D\u00f4me. Cr\u00e9ez des souvenirs inoubliables.\" \/>\n<meta property=\"og:url\" content=\"https:\/\/cedric-aufildeleau.fr\/index.php\/stage-peche-parents-et-enfants\/\" \/>\n<meta property=\"og:site_name\" content=\"Cedric Fonty Guide de p\u00eache Puy de D\u00f4me\" \/>\n<meta property=\"article:modified_time\" content=\"2024-12-24T09:45:21+00:00\" \/>\n<meta property=\"og:image\" content=\"https:\/\/cedric-aufildeleau.fr\/wp-content\/uploads\/2024\/12\/IMG_0225-3-1024x768.webp\" \/>\n<meta name=\"twitter:card\" content=\"summary_large_image\" \/>\n<meta name=\"twitter:label1\" content=\"Dur\u00e9e de lecture estim\u00e9e\" \/>\n\t<meta name=\"twitter:data1\" content=\"3 minutes\" \/>\n<script type=\"application\/ld+json\" class=\"yoast-schema-graph\">{\"@context\":\"https:\\\/\\\/schema.org\",\"@graph\":[{\"@type\":\"WebPage\",\"@id\":\"https:\\\/\\\/cedric-aufildeleau.fr\\\/index.php\\\/stage-peche-parents-et-enfants\\\/\",\"url\":\"https:\\\/\\\/cedric-aufildeleau.fr\\\/index.php\\\/stage-peche-parents-et-enfants\\\/\",\"name\":\"Stage p\u00eache Parents et enfants dans le Puy-de-D\u00f4me\",\"isPartOf\":{\"@id\":\"https:\\\/\\\/cedric-aufildeleau.fr\\\/#website\"},\"primaryImageOfPage\":{\"@id\":\"https:\\\/\\\/cedric-aufildeleau.fr\\\/index.php\\\/stage-peche-parents-et-enfants\\\/#primaryimage\"},\"image\":{\"@id\":\"https:\\\/\\\/cedric-aufildeleau.fr\\\/index.php\\\/stage-peche-parents-et-enfants\\\/#primaryimage\"},\"thumbnailUrl\":\"https:\\\/\\\/cedric-aufildeleau.fr\\\/wp-content\\\/uploads\\\/2024\\\/12\\\/IMG_0225-3-1024x768.webp\",\"datePublished\":\"2024-10-31T08:48:45+00:00\",\"dateModified\":\"2024-12-24T09:45:21+00:00\",\"description\":\"Stage de p\u00eache Parents et enfants avec C\u00e9dric Au Fil de l'Eau dans le Puy-de-D\u00f4me. Cr\u00e9ez des souvenirs inoubliables.\",\"breadcrumb\":{\"@id\":\"https:\\\/\\\/cedric-aufildeleau.fr\\\/index.php\\\/stage-peche-parents-et-enfants\\\/#breadcrumb\"},\"inLanguage\":\"fr-FR\",\"potentialAction\":[{\"@type\":\"ReadAction\",\"target\":[\"https:\\\/\\\/cedric-aufildeleau.fr\\\/index.php\\\/stage-peche-parents-et-enfants\\\/\"]}]},{\"@type\":\"ImageObject\",\"inLanguage\":\"fr-FR\",\"@id\":\"https:\\\/\\\/cedric-aufildeleau.fr\\\/index.php\\\/stage-peche-parents-et-enfants\\\/#primaryimage\",\"url\":\"https:\\\/\\\/cedric-aufildeleau.fr\\\/wp-content\\\/uploads\\\/2024\\\/12\\\/IMG_0225-3-1024x768.webp\",\"contentUrl\":\"https:\\\/\\\/cedric-aufildeleau.fr\\\/wp-content\\\/uploads\\\/2024\\\/12\\\/IMG_0225-3-1024x768.webp\"},{\"@type\":\"BreadcrumbList\",\"@id\":\"https:\\\/\\\/cedric-aufildeleau.fr\\\/index.php\\\/stage-peche-parents-et-enfants\\\/#breadcrumb\",\"itemListElement\":[{\"@type\":\"ListItem\",\"position\":1,\"name\":\"Accueil\",\"item\":\"https:\\\/\\\/cedric-aufildeleau.fr\\\/\"},{\"@type\":\"ListItem\",\"position\":2,\"name\":\"Stage Parent(s) et enfant(s)\"}]},{\"@type\":\"WebSite\",\"@id\":\"https:\\\/\\\/cedric-aufildeleau.fr\\\/#website\",\"url\":\"https:\\\/\\\/cedric-aufildeleau.fr\\\/\",\"name\":\"Cedric Fonty Guide de p\u00eache Puy de D\u00f4me\",\"description\":\"Au fil de l&#039;eau\",\"publisher\":{\"@id\":\"https:\\\/\\\/cedric-aufildeleau.fr\\\/#organization\"},\"potentialAction\":[{\"@type\":\"SearchAction\",\"target\":{\"@type\":\"EntryPoint\",\"urlTemplate\":\"https:\\\/\\\/cedric-aufildeleau.fr\\\/?s={search_term_string}\"},\"query-input\":{\"@type\":\"PropertyValueSpecification\",\"valueRequired\":true,\"valueName\":\"search_term_string\"}}],\"inLanguage\":\"fr-FR\"},{\"@type\":\"Organization\",\"@id\":\"https:\\\/\\\/cedric-aufildeleau.fr\\\/#organization\",\"name\":\"Cedric Fonty Guide de p\u00eache Puy de D\u00f4me\",\"url\":\"https:\\\/\\\/cedric-aufildeleau.fr\\\/\",\"logo\":{\"@type\":\"ImageObject\",\"inLanguage\":\"fr-FR\",\"@id\":\"https:\\\/\\\/cedric-aufildeleau.fr\\\/#\\\/schema\\\/logo\\\/image\\\/\",\"url\":\"https:\\\/\\\/cedric-aufildeleau.fr\\\/wp-content\\\/uploads\\\/2024\\\/11\\\/cropped-Avec-antenne-1-ligne-SITE-INTERNET.png\",\"contentUrl\":\"https:\\\/\\\/cedric-aufildeleau.fr\\\/wp-content\\\/uploads\\\/2024\\\/11\\\/cropped-Avec-antenne-1-ligne-SITE-INTERNET.png\",\"width\":385,\"height\":363,\"caption\":\"Cedric Fonty  Guide de p\u00eache Puy de D\u00f4me\"},\"image\":{\"@id\":\"https:\\\/\\\/cedric-aufildeleau.fr\\\/#\\\/schema\\\/logo\\\/image\\\/\"}}]}<\/script>\n<!-- \/ Yoast SEO plugin. -->","yoast_head_json":{"title":"Stage p\u00eache Parents et enfants dans le Puy-de-D\u00f4me","description":"Stage de p\u00eache Parents et enfants avec C\u00e9dric Au Fil de l'Eau dans le Puy-de-D\u00f4me. Cr\u00e9ez des souvenirs inoubliables.","robots":{"index":"index","follow":"follow","max-snippet":"max-snippet:-1","max-image-preview":"max-image-preview:large","max-video-preview":"max-video-preview:-1"},"canonical":"https:\/\/cedric-aufildeleau.fr\/index.php\/stage-peche-parents-et-enfants\/","og_locale":"fr_FR","og_type":"article","og_title":"Stage p\u00eache Parents et enfants dans le Puy-de-D\u00f4me","og_description":"Stage de p\u00eache Parents et enfants avec C\u00e9dric Au Fil de l'Eau dans le Puy-de-D\u00f4me. Cr\u00e9ez des souvenirs inoubliables.","og_url":"https:\/\/cedric-aufildeleau.fr\/index.php\/stage-peche-parents-et-enfants\/","og_site_name":"Cedric Fonty Guide de p\u00eache Puy de D\u00f4me","article_modified_time":"2024-12-24T09:45:21+00:00","og_image":[{"url":"https:\/\/cedric-aufildeleau.fr\/wp-content\/uploads\/2024\/12\/IMG_0225-3-1024x768.webp","type":"","width":"","height":""}],"twitter_card":"summary_large_image","twitter_misc":{"Dur\u00e9e de lecture estim\u00e9e":"3 minutes"},"schema":{"@context":"https:\/\/schema.org","@graph":[{"@type":"WebPage","@id":"https:\/\/cedric-aufildeleau.fr\/index.php\/stage-peche-parents-et-enfants\/","url":"https:\/\/cedric-aufildeleau.fr\/index.php\/stage-peche-parents-et-enfants\/","name":"Stage p\u00eache Parents et enfants dans le Puy-de-D\u00f4me","isPartOf":{"@id":"https:\/\/cedric-aufildeleau.fr\/#website"},"primaryImageOfPage":{"@id":"https:\/\/cedric-aufildeleau.fr\/index.php\/stage-peche-parents-et-enfants\/#primaryimage"},"image":{"@id":"https:\/\/cedric-aufildeleau.fr\/index.php\/stage-peche-parents-et-enfants\/#primaryimage"},"thumbnailUrl":"https:\/\/cedric-aufildeleau.fr\/wp-content\/uploads\/2024\/12\/IMG_0225-3-1024x768.webp","datePublished":"2024-10-31T08:48:45+00:00","dateModified":"2024-12-24T09:45:21+00:00","description":"Stage de p\u00eache Parents et enfants avec C\u00e9dric Au Fil de l'Eau dans le Puy-de-D\u00f4me. Cr\u00e9ez des souvenirs inoubliables.","breadcrumb":{"@id":"https:\/\/cedric-aufildeleau.fr\/index.php\/stage-peche-parents-et-enfants\/#breadcrumb"},"inLanguage":"fr-FR","potentialAction":[{"@type":"ReadAction","target":["https:\/\/cedric-aufildeleau.fr\/index.php\/stage-peche-parents-et-enfants\/"]}]},{"@type":"ImageObject","inLanguage":"fr-FR","@id":"https:\/\/cedric-aufildeleau.fr\/index.php\/stage-peche-parents-et-enfants\/#primaryimage","url":"https:\/\/cedric-aufildeleau.fr\/wp-content\/uploads\/2024\/12\/IMG_0225-3-1024x768.webp","contentUrl":"https:\/\/cedric-aufildeleau.fr\/wp-content\/uploads\/2024\/12\/IMG_0225-3-1024x768.webp"},{"@type":"BreadcrumbList","@id":"https:\/\/cedric-aufildeleau.fr\/index.php\/stage-peche-parents-et-enfants\/#breadcrumb","itemListElement":[{"@type":"ListItem","position":1,"name":"Accueil","item":"https:\/\/cedric-aufildeleau.fr\/"},{"@type":"ListItem","position":2,"name":"Stage Parent(s) et enfant(s)"}]},{"@type":"WebSite","@id":"https:\/\/cedric-aufildeleau.fr\/#website","url":"https:\/\/cedric-aufildeleau.fr\/","name":"Cedric Fonty Guide de p\u00eache Puy de D\u00f4me","description":"Au fil de l&#039;eau","publisher":{"@id":"https:\/\/cedric-aufildeleau.fr\/#organization"},"potentialAction":[{"@type":"SearchAction","target":{"@type":"EntryPoint","urlTemplate":"https:\/\/cedric-aufildeleau.fr\/?s={search_term_string}"},"query-input":{"@type":"PropertyValueSpecification","valueRequired":true,"valueName":"search_term_string"}}],"inLanguage":"fr-FR"},{"@type":"Organization","@id":"https:\/\/cedric-aufildeleau.fr\/#organization","name":"Cedric Fonty Guide de p\u00eache Puy de D\u00f4me","url":"https:\/\/cedric-aufildeleau.fr\/","logo":{"@type":"ImageObject","inLanguage":"fr-FR","@id":"https:\/\/cedric-aufildeleau.fr\/#\/schema\/logo\/image\/","url":"https:\/\/cedric-aufildeleau.fr\/wp-content\/uploads\/2024\/11\/cropped-Avec-antenne-1-ligne-SITE-INTERNET.png","contentUrl":"https:\/\/cedric-aufildeleau.fr\/wp-content\/uploads\/2024\/11\/cropped-Avec-antenne-1-ligne-SITE-INTERNET.png","width":385,"height":363,"caption":"Cedric Fonty  Guide de p\u00eache Puy de D\u00f4me"},"image":{"@id":"https:\/\/cedric-aufildeleau.fr\/#\/schema\/logo\/image\/"}}]}},"uagb_featured_image_src":{"full":false,"thumbnail":false,"medium":false,"medium_large":false,"large":false,"1536x1536":false,"2048x2048":false},"uagb_author_info":{"display_name":"C\u00e9dric Fonty","author_link":"https:\/\/cedric-aufildeleau.fr\/index.php\/author\/admin2000\/"},"uagb_comment_info":0,"uagb_excerpt":"\u00ab\u00a0Le plus grand h\u00e9ritage qu\u2019un parent puisse l\u00e9guer \u00e0 un enfant est le souvenir de son amour. Le reste sera [&hellip;]","_links":{"self":[{"href":"https:\/\/cedric-aufildeleau.fr\/index.php\/wp-json\/wp\/v2\/pages\/102","targetHints":{"allow":["GET"]}}],"collection":[{"href":"https:\/\/cedric-aufildeleau.fr\/index.php\/wp-json\/wp\/v2\/pages"}],"about":[{"href":"https:\/\/cedric-aufildeleau.fr\/index.php\/wp-json\/wp\/v2\/types\/page"}],"author":[{"embeddable":true,"href":"https:\/\/cedric-aufildeleau.fr\/index.php\/wp-json\/wp\/v2\/users\/1"}],"replies":[{"embeddable":true,"href":"https:\/\/cedric-aufildeleau.fr\/index.php\/wp-json\/wp\/v2\/comments?post=102"}],"version-history":[{"count":62,"href":"https:\/\/cedric-aufildeleau.fr\/index.php\/wp-json\/wp\/v2\/pages\/102\/revisions"}],"predecessor-version":[{"id":1564,"href":"https:\/\/cedric-aufildeleau.fr\/index.php\/wp-json\/wp\/v2\/pages\/102\/revisions\/1564"}],"wp:attachment":[{"href":"https:\/\/cedric-aufildeleau.fr\/index.php\/wp-json\/wp\/v2\/media?parent=102"}],"curies":[{"name":"wp","href":"https:\/\/api.w.org\/{rel}","templated":true}]}}