{"id":108,"date":"2024-10-31T10:03:56","date_gmt":"2024-10-31T09:03:56","guid":{"rendered":"https:\/\/cedric-aufildeleau.fr\/?page_id=108"},"modified":"2024-12-24T11:52:19","modified_gmt":"2024-12-24T10:52:19","slug":"peche-a-lecrevisse-dans-le-puy-de-dome-un-moment-convivial","status":"publish","type":"page","link":"https:\/\/cedric-aufildeleau.fr\/index.php\/peche-a-lecrevisse-dans-le-puy-de-dome-un-moment-convivial\/","title":{"rendered":"P\u00eache de l&rsquo;\u00e9crevisse"},"content":{"rendered":"\n<figure class=\"wp-block-pullquote\"><blockquote><p>\u00ab <strong><em>L&rsquo;amiti\u00e9 am\u00e9liore le bonheur, apaise la mis\u00e8re, double la joie et divise la peine.<\/em><\/strong> \u00bb<\/p><cite>Anonyme<\/cite><\/blockquote><\/figure>\n\n\n\n<div class=\"wp-block-uagb-container uagb-block-b5ad6703 alignfull uagb-is-root-container\"><div class=\"uagb-container-inner-blocks-wrap\">\n<div class=\"wp-block-uagb-container uagb-block-cc9be79e\">\n<h2 class=\"wp-block-heading has-medium-font-size\"><strong>P\u00eache \u00e0 l&rsquo;\u00e9crevisse dans le Puy-de-D\u00f4me : un moment convivial en famille ou entre amis.<\/strong><\/h2>\n\n\n\n<p class=\"has-medium-font-size\">Envie de vivre une exp\u00e9rience originale en famille ou entre amis dans le Puy-de-D\u00f4me et de repartir avec des souvenirs inoubliables ? D\u00e9couvrez l\u2019initiation \u00e0 la p\u00eache \u00e0 l\u2019\u00e9crevisse dans les eaux du d\u00e9partement. Une activit\u00e9 ludique et accessible \u00e0 tous, qui se conclut id\u00e9alement par la d\u00e9gustation des \u00e9crevisses que vous aurez captur\u00e9es.<\/p>\n<\/div>\n\n\n\n<div class=\"wp-block-uagb-container uagb-block-90bdef49\">\n<figure class=\"wp-block-image size-large has-custom-border\"><img loading=\"lazy\" decoding=\"async\" width=\"768\" height=\"1024\" src=\"https:\/\/cedric-aufildeleau.fr\/wp-content\/uploads\/2024\/12\/ECREVISSE-1-768x1024.webp\" alt=\"\" class=\"has-border-color wp-image-1049\" style=\"border-color:#ffffff;border-width:1px;border-radius:24px\" srcset=\"https:\/\/cedric-aufildeleau.fr\/wp-content\/uploads\/2024\/12\/ECREVISSE-1-768x1024.webp 768w, https:\/\/cedric-aufildeleau.fr\/wp-content\/uploads\/2024\/12\/ECREVISSE-1-225x300.webp 225w, https:\/\/cedric-aufildeleau.fr\/wp-content\/uploads\/2024\/12\/ECREVISSE-1.webp 810w\" sizes=\"auto, (max-width: 768px) 100vw, 768px\" \/><\/figure>\n<\/div>\n<\/div><\/div>\n\n\n\n<div class=\"wp-block-uagb-buttons uagb-buttons__outer-wrap uagb-btn__default-btn uagb-btn-tablet__default-btn uagb-btn-mobile__default-btn uagb-block-fdcc19a8\"><div class=\"uagb-buttons__wrap uagb-buttons-layout-wrap \">\n<div class=\"wp-block-uagb-buttons-child uagb-buttons__outer-wrap uagb-block-3fc47243 wp-block-button\"><div class=\"uagb-button__wrapper\"><a class=\"uagb-buttons-repeater wp-block-button__link\" aria-label=\"\" href=\"https:\/\/tally.so\/r\/wb2eP1\" rel=\"follow noopener\" target=\"_self\" role=\"button\"><div class=\"uagb-button__link\">Contactez-moi.<\/div><span class=\"uagb-button__icon uagb-button__icon-position-after\"><svg xmlns=\"https:\/\/www.w3.org\/2000\/svg\" viewBox=\"0 0 448 512\" aria-hidden=\"true\" focussable=\"false\"><path d=\"M438.6 278.6l-160 160C272.4 444.9 264.2 448 256 448s-16.38-3.125-22.62-9.375c-12.5-12.5-12.5-32.75 0-45.25L338.8 288H32C14.33 288 .0016 273.7 .0016 256S14.33 224 32 224h306.8l-105.4-105.4c-12.5-12.5-12.5-32.75 0-45.25s32.75-12.5 45.25 0l160 160C451.1 245.9 451.1 266.1 438.6 278.6z\"><\/path><\/svg><\/span><\/a><\/div><\/div>\n<\/div><\/div>\n\n\n\n<div class=\"wp-block-uagb-buttons uagb-buttons__outer-wrap uagb-btn__default-btn uagb-btn-tablet__default-btn uagb-btn-mobile__default-btn uagb-block-fdcc19a8\"><div class=\"uagb-buttons__wrap uagb-buttons-layout-wrap \">\n<div class=\"wp-block-uagb-buttons-child uagb-buttons__outer-wrap uagb-block-f187c019 wp-block-button\"><div class=\"uagb-button__wrapper\"><a class=\"uagb-buttons-repeater wp-block-button__link\" aria-label=\"\" href=\"https:\/\/cedric-aufildeleau.fr\/index.php\/tarifs-peche-animations-pour-tous-publics\/\" rel=\"follow noopener\" target=\"_self\" role=\"button\"><div class=\"uagb-button__link\">Infos et tarifs<\/div><span class=\"uagb-button__icon uagb-button__icon-position-after\"><svg xmlns=\"https:\/\/www.w3.org\/2000\/svg\" viewBox=\"0 0 448 512\" aria-hidden=\"true\" focussable=\"false\"><path d=\"M438.6 278.6l-160 160C272.4 444.9 264.2 448 256 448s-16.38-3.125-22.62-9.375c-12.5-12.5-12.5-32.75 0-45.25L338.8 288H32C14.33 288 .0016 273.7 .0016 256S14.33 224 32 224h306.8l-105.4-105.4c-12.5-12.5-12.5-32.75 0-45.25s32.75-12.5 45.25 0l160 160C451.1 245.9 451.1 266.1 438.6 278.6z\"><\/path><\/svg><\/span><\/a><\/div><\/div>\n<\/div><\/div>\n\n\n\n<div class=\"wp-block-uagb-container uagb-block-02e1842a alignfull uagb-is-root-container\"><div class=\"uagb-container-inner-blocks-wrap\">\n<div class=\"wp-block-uagb-container uagb-block-15ba8e0f\">\n<p class=\"has-medium-font-size\">Les cours d\u2019eau du Puy-de-D\u00f4me abritent des \u00e9crevisses exotiques. Parmi elles, on trouve notamment l\u2019\u00e9crevisse am\u00e9ricaine, l\u2019\u00e9crevisse de Californie et, depuis peu, celle de Louisiane. En raison de leur caract\u00e8re invasif, ces esp\u00e8ces n\u00e9cessitent une gestion raisonn\u00e9e. Par cons\u00e9quent, elles ne peuvent pas \u00eatre rel\u00e2ch\u00e9es une fois captur\u00e9es.<\/p>\n<\/div>\n\n\n\n<div class=\"wp-block-uagb-container uagb-block-0d0a34dc\">\n<figure class=\"wp-block-image size-large has-custom-border\"><img loading=\"lazy\" decoding=\"async\" width=\"1024\" height=\"972\" src=\"https:\/\/cedric-aufildeleau.fr\/wp-content\/uploads\/2024\/12\/IMG_4023-1-1024x972.webp\" alt=\"\" class=\"has-border-color wp-image-1050\" style=\"border-color:var(--ast-global-color-5);border-width:1px;border-radius:24px\" srcset=\"https:\/\/cedric-aufildeleau.fr\/wp-content\/uploads\/2024\/12\/IMG_4023-1-1024x972.webp 1024w, https:\/\/cedric-aufildeleau.fr\/wp-content\/uploads\/2024\/12\/IMG_4023-1-300x285.webp 300w, https:\/\/cedric-aufildeleau.fr\/wp-content\/uploads\/2024\/12\/IMG_4023-1-768x729.webp 768w, https:\/\/cedric-aufildeleau.fr\/wp-content\/uploads\/2024\/12\/IMG_4023-1.webp 1080w\" sizes=\"auto, (max-width: 1024px) 100vw, 1024px\" \/><\/figure>\n<\/div>\n<\/div><\/div>\n\n\n\n<blockquote class=\"wp-block-quote has-medium-font-size is-layout-flow wp-block-quote-is-layout-flow\">\n<p>Lors de cette activit\u00e9, je vous accompagnerai pour respecter la r\u00e9glementation en vigueur. Je vous expliquerai les bonnes pratiques pour profiter pleinement de votre exp\u00e9rience. Notez qu\u2019une <a href=\"https:\/\/www.cartedepeche.fr\/\">carte de p\u00eache journali\u00e8re<\/a> sera n\u00e9cessaire pour participer.<\/p>\n<\/blockquote>\n\n\n\n<div class=\"wp-block-uagb-container uagb-block-495cc800 alignfull uagb-is-root-container\"><div class=\"uagb-container-inner-blocks-wrap\">\n<div class=\"wp-block-uagb-container uagb-block-31cf9cf4\">\n<h2 class=\"wp-block-heading\"><strong>Un moment de simplicit\u00e9, de convivialit\u00e9 et d&rsquo;amusement pour tous les \u00e2ges.<\/strong><\/h2>\n\n\n\n<p class=\"has-medium-font-size\">Tout d&rsquo;abord, nous utiliserons des balances \u00e9quip\u00e9es d\u2019app\u00e2ts sp\u00e9cifiques pour attirer ces crustac\u00e9s. Une fois d\u00e9pos\u00e9es dans l\u2019eau, il suffira d\u2019attendre quelques minutes avant de les relever. En outre, chaque remont\u00e9e r\u00e9serve son lot de surprises. En effet, il n\u2019est pas rare de d\u00e9couvrir plusieurs \u00e9crevisses dans une seule balance ! De plus, les eaux souvent troubles de certains de nos cours d\u2019eau ajoutent une dimension de surprise et de magie \u00e0 cette activit\u00e9. Cette derni\u00e8re est id\u00e9ale pour cr\u00e9er des moments de partage et de d\u00e9couverte. Et ce, en famille ou entre amis!<\/p>\n<\/div>\n\n\n\n<div class=\"wp-block-uagb-container uagb-block-051ff033\">\n<figure class=\"wp-block-image size-full has-custom-border\"><img loading=\"lazy\" decoding=\"async\" width=\"733\" height=\"1024\" src=\"https:\/\/cedric-aufildeleau.fr\/wp-content\/uploads\/2024\/12\/crayfish-1770119_1280-733x1024-1.jpg\" alt=\"\" class=\"has-border-color wp-image-1051\" style=\"border-color:var(--ast-global-color-5);border-width:1px;border-radius:24px\" srcset=\"https:\/\/cedric-aufildeleau.fr\/wp-content\/uploads\/2024\/12\/crayfish-1770119_1280-733x1024-1.jpg 733w, https:\/\/cedric-aufildeleau.fr\/wp-content\/uploads\/2024\/12\/crayfish-1770119_1280-733x1024-1-215x300.jpg 215w\" sizes=\"auto, (max-width: 733px) 100vw, 733px\" \/><\/figure>\n<\/div>\n<\/div><\/div>\n\n\n\n<p class=\"has-medium-font-size\">Pr\u00eats \u00e0 tenter cette technique ? La p\u00eache \u00e0 l\u2019\u00e9crevisse dans le Puy-de-D\u00f4me est une activit\u00e9 id\u00e9ale pour partager un moment convivial en famille ou entre amis. Alliant plaisir, nature et <a href=\"https:\/\/www.marmiton.org\/recettes\/recette_ecrevisses-a-l-americaine_164549.aspx\">gourmandise<\/a><strong>,<\/strong> cette exp\u00e9rience vous promet des souvenirs m\u00e9morables.<\/p>\n\n\n\n<div class=\"wp-block-uagb-buttons uagb-buttons__outer-wrap uagb-btn__default-btn uagb-btn-tablet__default-btn uagb-btn-mobile__default-btn uagb-block-fe17b092\"><div class=\"uagb-buttons__wrap uagb-buttons-layout-wrap \">\n<div class=\"wp-block-uagb-buttons-child uagb-buttons__outer-wrap uagb-block-3fc47243 wp-block-button\"><div class=\"uagb-button__wrapper\"><a class=\"uagb-buttons-repeater wp-block-button__link\" aria-label=\"\" href=\"https:\/\/tally.so\/r\/wb2eP1\" rel=\"follow noopener\" target=\"_self\" role=\"button\"><div class=\"uagb-button__link\">Contactez-moi.<\/div><span class=\"uagb-button__icon uagb-button__icon-position-after\"><svg xmlns=\"https:\/\/www.w3.org\/2000\/svg\" viewBox=\"0 0 448 512\" aria-hidden=\"true\" focussable=\"false\"><path d=\"M438.6 278.6l-160 160C272.4 444.9 264.2 448 256 448s-16.38-3.125-22.62-9.375c-12.5-12.5-12.5-32.75 0-45.25L338.8 288H32C14.33 288 .0016 273.7 .0016 256S14.33 224 32 224h306.8l-105.4-105.4c-12.5-12.5-12.5-32.75 0-45.25s32.75-12.5 45.25 0l160 160C451.1 245.9 451.1 266.1 438.6 278.6z\"><\/path><\/svg><\/span><\/a><\/div><\/div>\n<\/div><\/div>\n\n\n\n<div class=\"wp-block-uagb-buttons uagb-buttons__outer-wrap uagb-btn__default-btn uagb-btn-tablet__default-btn uagb-btn-mobile__default-btn uagb-block-1185f877\"><div class=\"uagb-buttons__wrap uagb-buttons-layout-wrap \">\n<div class=\"wp-block-uagb-buttons-child uagb-buttons__outer-wrap uagb-block-f187c019 wp-block-button\"><div class=\"uagb-button__wrapper\"><a class=\"uagb-buttons-repeater wp-block-button__link\" aria-label=\"\" href=\"https:\/\/cedric-aufildeleau.fr\/index.php\/tarifs-peche-animations-pour-tous-publics\/\" rel=\"follow noopener\" target=\"_self\" role=\"button\"><div class=\"uagb-button__link\">Infos et tarifs<\/div><span class=\"uagb-button__icon uagb-button__icon-position-after\"><svg xmlns=\"https:\/\/www.w3.org\/2000\/svg\" viewBox=\"0 0 448 512\" aria-hidden=\"true\" focussable=\"false\"><path d=\"M438.6 278.6l-160 160C272.4 444.9 264.2 448 256 448s-16.38-3.125-22.62-9.375c-12.5-12.5-12.5-32.75 0-45.25L338.8 288H32C14.33 288 .0016 273.7 .0016 256S14.33 224 32 224h306.8l-105.4-105.4c-12.5-12.5-12.5-32.75 0-45.25s32.75-12.5 45.25 0l160 160C451.1 245.9 451.1 266.1 438.6 278.6z\"><\/path><\/svg><\/span><\/a><\/div><\/div>\n<\/div><\/div>\n\n\n\n<p><\/p>\n\n\n\n<p><\/p>\n","protected":false},"excerpt":{"rendered":"<p>\u00ab L&rsquo;amiti\u00e9 am\u00e9liore le bonheur, apaise la mis\u00e8re, double la joie et divise la peine. \u00bb Anonyme P\u00eache \u00e0 l&rsquo;\u00e9crevisse [&hellip;]<\/p>\n","protected":false},"author":1,"featured_media":0,"parent":0,"menu_order":0,"comment_status":"closed","ping_status":"closed","template":"","meta":{"_uag_custom_page_level_css":"","site-sidebar-layout":"default","site-content-layout":"","ast-site-content-layout":"default","site-content-style":"default","site-sidebar-style":"default","ast-global-header-display":"","ast-banner-title-visibility":"","ast-main-header-display":"","ast-hfb-above-header-display":"","ast-hfb-below-header-display":"","ast-hfb-mobile-header-display":"","site-post-title":"","ast-breadcrumbs-content":"","ast-featured-img":"","footer-sml-layout":"","ast-disable-related-posts":"","theme-transparent-header-meta":"","adv-header-id-meta":"","stick-header-meta":"","header-above-stick-meta":"","header-main-stick-meta":"","header-below-stick-meta":"","astra-migrate-meta-layouts":"default","ast-page-background-enabled":"default","ast-page-background-meta":{"desktop":{"background-color":"var(--ast-global-color-4)","background-image":"","background-repeat":"repeat","background-position":"center center","background-size":"auto","background-attachment":"scroll","background-type":"","background-media":"","overlay-type":"","overlay-color":"","overlay-opacity":"","overlay-gradient":""},"tablet":{"background-color":"","background-image":"","background-repeat":"repeat","background-position":"center center","background-size":"auto","background-attachment":"scroll","background-type":"","background-media":"","overlay-type":"","overlay-color":"","overlay-opacity":"","overlay-gradient":""},"mobile":{"background-color":"","background-image":"","background-repeat":"repeat","background-position":"center center","background-size":"auto","background-attachment":"scroll","background-type":"","background-media":"","overlay-type":"","overlay-color":"","overlay-opacity":"","overlay-gradient":""}},"ast-content-background-meta":{"desktop":{"background-color":"var(--ast-global-color-5)","background-image":"","background-repeat":"repeat","background-position":"center center","background-size":"auto","background-attachment":"scroll","background-type":"","background-media":"","overlay-type":"","overlay-color":"","overlay-opacity":"","overlay-gradient":""},"tablet":{"background-color":"var(--ast-global-color-5)","background-image":"","background-repeat":"repeat","background-position":"center center","background-size":"auto","background-attachment":"scroll","background-type":"","background-media":"","overlay-type":"","overlay-color":"","overlay-opacity":"","overlay-gradient":""},"mobile":{"background-color":"var(--ast-global-color-5)","background-image":"","background-repeat":"repeat","background-position":"center center","background-size":"auto","background-attachment":"scroll","background-type":"","background-media":"","overlay-type":"","overlay-color":"","overlay-opacity":"","overlay-gradient":""}},"footnotes":""},"class_list":["post-108","page","type-page","status-publish","hentry"],"yoast_head":"<!-- This site is optimized with the Yoast SEO plugin v27.4 - https:\/\/yoast.com\/product\/yoast-seo-wordpress\/ -->\n<title>P\u00eache \u00e0 l&#039;\u00e9crevisse dans le Puy-de-D\u00f4me : un moment convivial<\/title>\n<meta name=\"description\" content=\"Initiez-vous \u00e0 la p\u00eache \u00e0 l&#039;\u00e9crevisse dans le Puy-de-D\u00f4me : un moment convivial \u00e0 partager en famille ou entre amis.\" \/>\n<meta name=\"robots\" content=\"index, follow, max-snippet:-1, max-image-preview:large, max-video-preview:-1\" \/>\n<link rel=\"canonical\" href=\"https:\/\/cedric-aufildeleau.fr\/index.php\/peche-a-lecrevisse-dans-le-puy-de-dome-un-moment-convivial\/\" \/>\n<meta property=\"og:locale\" content=\"fr_FR\" \/>\n<meta property=\"og:type\" content=\"article\" \/>\n<meta property=\"og:title\" content=\"P\u00eache \u00e0 l&#039;\u00e9crevisse dans le Puy-de-D\u00f4me : un moment convivial\" \/>\n<meta property=\"og:description\" content=\"Initiez-vous \u00e0 la p\u00eache \u00e0 l&#039;\u00e9crevisse dans le Puy-de-D\u00f4me : un moment convivial \u00e0 partager en famille ou entre amis.\" \/>\n<meta property=\"og:url\" content=\"https:\/\/cedric-aufildeleau.fr\/index.php\/peche-a-lecrevisse-dans-le-puy-de-dome-un-moment-convivial\/\" \/>\n<meta property=\"og:site_name\" content=\"Cedric Fonty Guide de p\u00eache Puy de D\u00f4me\" \/>\n<meta property=\"article:modified_time\" content=\"2024-12-24T10:52:19+00:00\" \/>\n<meta property=\"og:image\" content=\"https:\/\/cedric-aufildeleau.fr\/wp-content\/uploads\/2024\/12\/ECREVISSE-1.webp\" \/>\n\t<meta property=\"og:image:width\" content=\"810\" \/>\n\t<meta property=\"og:image:height\" content=\"1080\" \/>\n\t<meta property=\"og:image:type\" content=\"image\/webp\" \/>\n<meta name=\"twitter:card\" content=\"summary_large_image\" \/>\n<meta name=\"twitter:label1\" content=\"Dur\u00e9e de lecture estim\u00e9e\" \/>\n\t<meta name=\"twitter:data1\" content=\"2 minutes\" \/>\n<script type=\"application\/ld+json\" class=\"yoast-schema-graph\">{\"@context\":\"https:\\\/\\\/schema.org\",\"@graph\":[{\"@type\":\"WebPage\",\"@id\":\"https:\\\/\\\/cedric-aufildeleau.fr\\\/index.php\\\/peche-a-lecrevisse-dans-le-puy-de-dome-un-moment-convivial\\\/\",\"url\":\"https:\\\/\\\/cedric-aufildeleau.fr\\\/index.php\\\/peche-a-lecrevisse-dans-le-puy-de-dome-un-moment-convivial\\\/\",\"name\":\"P\u00eache \u00e0 l'\u00e9crevisse dans le Puy-de-D\u00f4me : un moment convivial\",\"isPartOf\":{\"@id\":\"https:\\\/\\\/cedric-aufildeleau.fr\\\/#website\"},\"primaryImageOfPage\":{\"@id\":\"https:\\\/\\\/cedric-aufildeleau.fr\\\/index.php\\\/peche-a-lecrevisse-dans-le-puy-de-dome-un-moment-convivial\\\/#primaryimage\"},\"image\":{\"@id\":\"https:\\\/\\\/cedric-aufildeleau.fr\\\/index.php\\\/peche-a-lecrevisse-dans-le-puy-de-dome-un-moment-convivial\\\/#primaryimage\"},\"thumbnailUrl\":\"https:\\\/\\\/cedric-aufildeleau.fr\\\/wp-content\\\/uploads\\\/2024\\\/12\\\/ECREVISSE-1-768x1024.webp\",\"datePublished\":\"2024-10-31T09:03:56+00:00\",\"dateModified\":\"2024-12-24T10:52:19+00:00\",\"description\":\"Initiez-vous \u00e0 la p\u00eache \u00e0 l'\u00e9crevisse dans le Puy-de-D\u00f4me : un moment convivial \u00e0 partager en famille ou entre amis.\",\"breadcrumb\":{\"@id\":\"https:\\\/\\\/cedric-aufildeleau.fr\\\/index.php\\\/peche-a-lecrevisse-dans-le-puy-de-dome-un-moment-convivial\\\/#breadcrumb\"},\"inLanguage\":\"fr-FR\",\"potentialAction\":[{\"@type\":\"ReadAction\",\"target\":[\"https:\\\/\\\/cedric-aufildeleau.fr\\\/index.php\\\/peche-a-lecrevisse-dans-le-puy-de-dome-un-moment-convivial\\\/\"]}]},{\"@type\":\"ImageObject\",\"inLanguage\":\"fr-FR\",\"@id\":\"https:\\\/\\\/cedric-aufildeleau.fr\\\/index.php\\\/peche-a-lecrevisse-dans-le-puy-de-dome-un-moment-convivial\\\/#primaryimage\",\"url\":\"https:\\\/\\\/cedric-aufildeleau.fr\\\/wp-content\\\/uploads\\\/2024\\\/12\\\/ECREVISSE-1.webp\",\"contentUrl\":\"https:\\\/\\\/cedric-aufildeleau.fr\\\/wp-content\\\/uploads\\\/2024\\\/12\\\/ECREVISSE-1.webp\",\"width\":810,\"height\":1080},{\"@type\":\"BreadcrumbList\",\"@id\":\"https:\\\/\\\/cedric-aufildeleau.fr\\\/index.php\\\/peche-a-lecrevisse-dans-le-puy-de-dome-un-moment-convivial\\\/#breadcrumb\",\"itemListElement\":[{\"@type\":\"ListItem\",\"position\":1,\"name\":\"Accueil\",\"item\":\"https:\\\/\\\/cedric-aufildeleau.fr\\\/\"},{\"@type\":\"ListItem\",\"position\":2,\"name\":\"P\u00eache de l&rsquo;\u00e9crevisse\"}]},{\"@type\":\"WebSite\",\"@id\":\"https:\\\/\\\/cedric-aufildeleau.fr\\\/#website\",\"url\":\"https:\\\/\\\/cedric-aufildeleau.fr\\\/\",\"name\":\"Cedric Fonty Guide de p\u00eache Puy de D\u00f4me\",\"description\":\"Au fil de l&#039;eau\",\"publisher\":{\"@id\":\"https:\\\/\\\/cedric-aufildeleau.fr\\\/#organization\"},\"potentialAction\":[{\"@type\":\"SearchAction\",\"target\":{\"@type\":\"EntryPoint\",\"urlTemplate\":\"https:\\\/\\\/cedric-aufildeleau.fr\\\/?s={search_term_string}\"},\"query-input\":{\"@type\":\"PropertyValueSpecification\",\"valueRequired\":true,\"valueName\":\"search_term_string\"}}],\"inLanguage\":\"fr-FR\"},{\"@type\":\"Organization\",\"@id\":\"https:\\\/\\\/cedric-aufildeleau.fr\\\/#organization\",\"name\":\"Cedric Fonty Guide de p\u00eache Puy de D\u00f4me\",\"url\":\"https:\\\/\\\/cedric-aufildeleau.fr\\\/\",\"logo\":{\"@type\":\"ImageObject\",\"inLanguage\":\"fr-FR\",\"@id\":\"https:\\\/\\\/cedric-aufildeleau.fr\\\/#\\\/schema\\\/logo\\\/image\\\/\",\"url\":\"https:\\\/\\\/cedric-aufildeleau.fr\\\/wp-content\\\/uploads\\\/2024\\\/11\\\/cropped-Avec-antenne-1-ligne-SITE-INTERNET.png\",\"contentUrl\":\"https:\\\/\\\/cedric-aufildeleau.fr\\\/wp-content\\\/uploads\\\/2024\\\/11\\\/cropped-Avec-antenne-1-ligne-SITE-INTERNET.png\",\"width\":385,\"height\":363,\"caption\":\"Cedric Fonty  Guide de p\u00eache Puy de D\u00f4me\"},\"image\":{\"@id\":\"https:\\\/\\\/cedric-aufildeleau.fr\\\/#\\\/schema\\\/logo\\\/image\\\/\"}}]}<\/script>\n<!-- \/ Yoast SEO plugin. -->","yoast_head_json":{"title":"P\u00eache \u00e0 l'\u00e9crevisse dans le Puy-de-D\u00f4me : un moment convivial","description":"Initiez-vous \u00e0 la p\u00eache \u00e0 l'\u00e9crevisse dans le Puy-de-D\u00f4me : un moment convivial \u00e0 partager en famille ou entre amis.","robots":{"index":"index","follow":"follow","max-snippet":"max-snippet:-1","max-image-preview":"max-image-preview:large","max-video-preview":"max-video-preview:-1"},"canonical":"https:\/\/cedric-aufildeleau.fr\/index.php\/peche-a-lecrevisse-dans-le-puy-de-dome-un-moment-convivial\/","og_locale":"fr_FR","og_type":"article","og_title":"P\u00eache \u00e0 l'\u00e9crevisse dans le Puy-de-D\u00f4me : un moment convivial","og_description":"Initiez-vous \u00e0 la p\u00eache \u00e0 l'\u00e9crevisse dans le Puy-de-D\u00f4me : un moment convivial \u00e0 partager en famille ou entre amis.","og_url":"https:\/\/cedric-aufildeleau.fr\/index.php\/peche-a-lecrevisse-dans-le-puy-de-dome-un-moment-convivial\/","og_site_name":"Cedric Fonty Guide de p\u00eache Puy de D\u00f4me","article_modified_time":"2024-12-24T10:52:19+00:00","og_image":[{"width":810,"height":1080,"url":"https:\/\/cedric-aufildeleau.fr\/wp-content\/uploads\/2024\/12\/ECREVISSE-1.webp","type":"image\/webp"}],"twitter_card":"summary_large_image","twitter_misc":{"Dur\u00e9e de lecture estim\u00e9e":"2 minutes"},"schema":{"@context":"https:\/\/schema.org","@graph":[{"@type":"WebPage","@id":"https:\/\/cedric-aufildeleau.fr\/index.php\/peche-a-lecrevisse-dans-le-puy-de-dome-un-moment-convivial\/","url":"https:\/\/cedric-aufildeleau.fr\/index.php\/peche-a-lecrevisse-dans-le-puy-de-dome-un-moment-convivial\/","name":"P\u00eache \u00e0 l'\u00e9crevisse dans le Puy-de-D\u00f4me : un moment convivial","isPartOf":{"@id":"https:\/\/cedric-aufildeleau.fr\/#website"},"primaryImageOfPage":{"@id":"https:\/\/cedric-aufildeleau.fr\/index.php\/peche-a-lecrevisse-dans-le-puy-de-dome-un-moment-convivial\/#primaryimage"},"image":{"@id":"https:\/\/cedric-aufildeleau.fr\/index.php\/peche-a-lecrevisse-dans-le-puy-de-dome-un-moment-convivial\/#primaryimage"},"thumbnailUrl":"https:\/\/cedric-aufildeleau.fr\/wp-content\/uploads\/2024\/12\/ECREVISSE-1-768x1024.webp","datePublished":"2024-10-31T09:03:56+00:00","dateModified":"2024-12-24T10:52:19+00:00","description":"Initiez-vous \u00e0 la p\u00eache \u00e0 l'\u00e9crevisse dans le Puy-de-D\u00f4me : un moment convivial \u00e0 partager en famille ou entre amis.","breadcrumb":{"@id":"https:\/\/cedric-aufildeleau.fr\/index.php\/peche-a-lecrevisse-dans-le-puy-de-dome-un-moment-convivial\/#breadcrumb"},"inLanguage":"fr-FR","potentialAction":[{"@type":"ReadAction","target":["https:\/\/cedric-aufildeleau.fr\/index.php\/peche-a-lecrevisse-dans-le-puy-de-dome-un-moment-convivial\/"]}]},{"@type":"ImageObject","inLanguage":"fr-FR","@id":"https:\/\/cedric-aufildeleau.fr\/index.php\/peche-a-lecrevisse-dans-le-puy-de-dome-un-moment-convivial\/#primaryimage","url":"https:\/\/cedric-aufildeleau.fr\/wp-content\/uploads\/2024\/12\/ECREVISSE-1.webp","contentUrl":"https:\/\/cedric-aufildeleau.fr\/wp-content\/uploads\/2024\/12\/ECREVISSE-1.webp","width":810,"height":1080},{"@type":"BreadcrumbList","@id":"https:\/\/cedric-aufildeleau.fr\/index.php\/peche-a-lecrevisse-dans-le-puy-de-dome-un-moment-convivial\/#breadcrumb","itemListElement":[{"@type":"ListItem","position":1,"name":"Accueil","item":"https:\/\/cedric-aufildeleau.fr\/"},{"@type":"ListItem","position":2,"name":"P\u00eache de l&rsquo;\u00e9crevisse"}]},{"@type":"WebSite","@id":"https:\/\/cedric-aufildeleau.fr\/#website","url":"https:\/\/cedric-aufildeleau.fr\/","name":"Cedric Fonty Guide de p\u00eache Puy de D\u00f4me","description":"Au fil de l&#039;eau","publisher":{"@id":"https:\/\/cedric-aufildeleau.fr\/#organization"},"potentialAction":[{"@type":"SearchAction","target":{"@type":"EntryPoint","urlTemplate":"https:\/\/cedric-aufildeleau.fr\/?s={search_term_string}"},"query-input":{"@type":"PropertyValueSpecification","valueRequired":true,"valueName":"search_term_string"}}],"inLanguage":"fr-FR"},{"@type":"Organization","@id":"https:\/\/cedric-aufildeleau.fr\/#organization","name":"Cedric Fonty Guide de p\u00eache Puy de D\u00f4me","url":"https:\/\/cedric-aufildeleau.fr\/","logo":{"@type":"ImageObject","inLanguage":"fr-FR","@id":"https:\/\/cedric-aufildeleau.fr\/#\/schema\/logo\/image\/","url":"https:\/\/cedric-aufildeleau.fr\/wp-content\/uploads\/2024\/11\/cropped-Avec-antenne-1-ligne-SITE-INTERNET.png","contentUrl":"https:\/\/cedric-aufildeleau.fr\/wp-content\/uploads\/2024\/11\/cropped-Avec-antenne-1-ligne-SITE-INTERNET.png","width":385,"height":363,"caption":"Cedric Fonty  Guide de p\u00eache Puy de D\u00f4me"},"image":{"@id":"https:\/\/cedric-aufildeleau.fr\/#\/schema\/logo\/image\/"}}]}},"uagb_featured_image_src":{"full":false,"thumbnail":false,"medium":false,"medium_large":false,"large":false,"1536x1536":false,"2048x2048":false},"uagb_author_info":{"display_name":"C\u00e9dric Fonty","author_link":"https:\/\/cedric-aufildeleau.fr\/index.php\/author\/admin2000\/"},"uagb_comment_info":0,"uagb_excerpt":"\u00ab L&rsquo;amiti\u00e9 am\u00e9liore le bonheur, apaise la mis\u00e8re, double la joie et divise la peine. \u00bb Anonyme P\u00eache \u00e0 l&rsquo;\u00e9crevisse [&hellip;]","_links":{"self":[{"href":"https:\/\/cedric-aufildeleau.fr\/index.php\/wp-json\/wp\/v2\/pages\/108","targetHints":{"allow":["GET"]}}],"collection":[{"href":"https:\/\/cedric-aufildeleau.fr\/index.php\/wp-json\/wp\/v2\/pages"}],"about":[{"href":"https:\/\/cedric-aufildeleau.fr\/index.php\/wp-json\/wp\/v2\/types\/page"}],"author":[{"embeddable":true,"href":"https:\/\/cedric-aufildeleau.fr\/index.php\/wp-json\/wp\/v2\/users\/1"}],"replies":[{"embeddable":true,"href":"https:\/\/cedric-aufildeleau.fr\/index.php\/wp-json\/wp\/v2\/comments?post=108"}],"version-history":[{"count":24,"href":"https:\/\/cedric-aufildeleau.fr\/index.php\/wp-json\/wp\/v2\/pages\/108\/revisions"}],"predecessor-version":[{"id":1599,"href":"https:\/\/cedric-aufildeleau.fr\/index.php\/wp-json\/wp\/v2\/pages\/108\/revisions\/1599"}],"wp:attachment":[{"href":"https:\/\/cedric-aufildeleau.fr\/index.php\/wp-json\/wp\/v2\/media?parent=108"}],"curies":[{"name":"wp","href":"https:\/\/api.w.org\/{rel}","templated":true}]}}