{"id":214,"date":"2024-11-14T10:00:00","date_gmt":"2024-11-14T09:00:00","guid":{"rendered":"https:\/\/cedric-aufildeleau.fr\/?page_id=214"},"modified":"2024-12-10T19:06:57","modified_gmt":"2024-12-10T18:06:57","slug":"message-bien-recu-a-tres-vite-au-bord-de-leau","status":"publish","type":"page","link":"https:\/\/cedric-aufildeleau.fr\/index.php\/message-bien-recu-a-tres-vite-au-bord-de-leau\/","title":{"rendered":"Message bien re\u00e7u ! Je vous remercie. \u00c0 tr\u00e8s vite au bord de l&rsquo;eau."},"content":{"rendered":"\n<div class=\"wp-block-uagb-container uagb-block-dd13d0bf alignfull uagb-is-root-container\"><div class=\"uagb-container-inner-blocks-wrap\">\n<div class=\"wp-block-uagb-container uagb-block-36ea0e83\">\n<p class=\"has-medium-font-size\"> Message bien re\u00e7u ! Je vous remercie. <\/p>\n\n\n\n<p class=\"has-medium-font-size\">\u00c0 tr\u00e8s vite au bord de l&rsquo;eau.<\/p>\n<\/div>\n\n\n\n<div class=\"wp-block-uagb-container uagb-block-5041eaf9\">\n<figure class=\"wp-block-image size-large has-custom-border\"><img loading=\"lazy\" decoding=\"async\" width=\"1024\" height=\"768\" src=\"https:\/\/cedric-aufildeleau.fr\/wp-content\/uploads\/2024\/12\/20211113_130931_013936-1024x768.webp\" alt=\"\" class=\"has-border-color wp-image-979\" style=\"border-color:var(--ast-global-color-5);border-width:1px;border-radius:24px\" srcset=\"https:\/\/cedric-aufildeleau.fr\/wp-content\/uploads\/2024\/12\/20211113_130931_013936-1024x768.webp 1024w, https:\/\/cedric-aufildeleau.fr\/wp-content\/uploads\/2024\/12\/20211113_130931_013936-300x225.webp 300w, https:\/\/cedric-aufildeleau.fr\/wp-content\/uploads\/2024\/12\/20211113_130931_013936-768x576.webp 768w, https:\/\/cedric-aufildeleau.fr\/wp-content\/uploads\/2024\/12\/20211113_130931_013936.webp 1080w\" sizes=\"auto, (max-width: 1024px) 100vw, 1024px\" \/><\/figure>\n<\/div>\n<\/div><\/div>\n\n\n\n<div class=\"wp-block-buttons is-content-justification-center is-layout-flex wp-container-core-buttons-is-layout-a89b3969 wp-block-buttons-is-layout-flex\">\n<div class=\"wp-block-button\"><a class=\"wp-block-button__link has-ast-global-color-5-color has-text-color has-background has-link-color has-border-color has-white-border-color wp-element-button\" href=\"https:\/\/cedric-aufildeleau.fr\/\" style=\"border-width:1px;background-color:#4f9cac\">Revenir au site<\/a><\/div>\n<\/div>\n\n\n\n<p><\/p>\n","protected":false},"excerpt":{"rendered":"<p>Message bien re\u00e7u ! Je vous remercie. \u00c0 tr\u00e8s vite au bord de l&rsquo;eau.<\/p>\n","protected":false},"author":1,"featured_media":0,"parent":0,"menu_order":0,"comment_status":"closed","ping_status":"closed","template":"","meta":{"_uag_custom_page_level_css":"","site-sidebar-layout":"default","site-content-layout":"","ast-site-content-layout":"","site-content-style":"default","site-sidebar-style":"default","ast-global-header-display":"","ast-banner-title-visibility":"","ast-main-header-display":"","ast-hfb-above-header-display":"","ast-hfb-below-header-display":"","ast-hfb-mobile-header-display":"","site-post-title":"disabled","ast-breadcrumbs-content":"","ast-featured-img":"","footer-sml-layout":"","ast-disable-related-posts":"","theme-transparent-header-meta":"","adv-header-id-meta":"","stick-header-meta":"","header-above-stick-meta":"","header-main-stick-meta":"","header-below-stick-meta":"","astra-migrate-meta-layouts":"default","ast-page-background-enabled":"default","ast-page-background-meta":{"desktop":{"background-color":"var(--ast-global-color-4)","background-image":"","background-repeat":"repeat","background-position":"center center","background-size":"auto","background-attachment":"scroll","background-type":"","background-media":"","overlay-type":"","overlay-color":"","overlay-opacity":"","overlay-gradient":""},"tablet":{"background-color":"","background-image":"","background-repeat":"repeat","background-position":"center center","background-size":"auto","background-attachment":"scroll","background-type":"","background-media":"","overlay-type":"","overlay-color":"","overlay-opacity":"","overlay-gradient":""},"mobile":{"background-color":"","background-image":"","background-repeat":"repeat","background-position":"center center","background-size":"auto","background-attachment":"scroll","background-type":"","background-media":"","overlay-type":"","overlay-color":"","overlay-opacity":"","overlay-gradient":""}},"ast-content-background-meta":{"desktop":{"background-color":"var(--ast-global-color-5)","background-image":"","background-repeat":"repeat","background-position":"center center","background-size":"auto","background-attachment":"scroll","background-type":"","background-media":"","overlay-type":"","overlay-color":"","overlay-opacity":"","overlay-gradient":""},"tablet":{"background-color":"var(--ast-global-color-5)","background-image":"","background-repeat":"repeat","background-position":"center center","background-size":"auto","background-attachment":"scroll","background-type":"","background-media":"","overlay-type":"","overlay-color":"","overlay-opacity":"","overlay-gradient":""},"mobile":{"background-color":"var(--ast-global-color-5)","background-image":"","background-repeat":"repeat","background-position":"center center","background-size":"auto","background-attachment":"scroll","background-type":"","background-media":"","overlay-type":"","overlay-color":"","overlay-opacity":"","overlay-gradient":""}},"footnotes":""},"class_list":["post-214","page","type-page","status-publish","hentry"],"yoast_head":"<!-- This site is optimized with the Yoast SEO plugin v27.3 - https:\/\/yoast.com\/product\/yoast-seo-wordpress\/ -->\n<title>Message bien re\u00e7u ! Je vous remercie. \u00c0 tr\u00e8s vite au bord de l&#039;eau. - Cedric Fonty Guide de p\u00eache Puy de D\u00f4me<\/title>\n<meta name=\"description\" content=\"Message bien re\u00e7u ! \u00c0 tr\u00e8s vite au bord de l&#039;eau.\" \/>\n<meta name=\"robots\" content=\"index, follow, max-snippet:-1, max-image-preview:large, max-video-preview:-1\" \/>\n<link rel=\"canonical\" href=\"https:\/\/cedric-aufildeleau.fr\/index.php\/message-bien-recu-a-tres-vite-au-bord-de-leau\/\" \/>\n<meta property=\"og:locale\" content=\"fr_FR\" \/>\n<meta property=\"og:type\" content=\"article\" \/>\n<meta property=\"og:title\" content=\"Message bien re\u00e7u ! Je vous remercie. \u00c0 tr\u00e8s vite au bord de l&#039;eau. - Cedric Fonty Guide de p\u00eache Puy de D\u00f4me\" \/>\n<meta property=\"og:description\" content=\"Message bien re\u00e7u ! \u00c0 tr\u00e8s vite au bord de l&#039;eau.\" \/>\n<meta property=\"og:url\" content=\"https:\/\/cedric-aufildeleau.fr\/index.php\/message-bien-recu-a-tres-vite-au-bord-de-leau\/\" \/>\n<meta property=\"og:site_name\" content=\"Cedric Fonty Guide de p\u00eache Puy de D\u00f4me\" \/>\n<meta property=\"article:modified_time\" content=\"2024-12-10T18:06:57+00:00\" \/>\n<meta property=\"og:image\" content=\"https:\/\/cedric-aufildeleau.fr\/wp-content\/uploads\/2024\/12\/20211113_130931_013936.webp\" \/>\n\t<meta property=\"og:image:width\" content=\"1080\" \/>\n\t<meta property=\"og:image:height\" content=\"810\" \/>\n\t<meta property=\"og:image:type\" content=\"image\/webp\" \/>\n<meta name=\"twitter:card\" content=\"summary_large_image\" \/>\n<meta name=\"twitter:label1\" content=\"Dur\u00e9e de lecture estim\u00e9e\" \/>\n\t<meta name=\"twitter:data1\" content=\"1 minute\" \/>\n<script type=\"application\/ld+json\" class=\"yoast-schema-graph\">{\"@context\":\"https:\\\/\\\/schema.org\",\"@graph\":[{\"@type\":\"WebPage\",\"@id\":\"https:\\\/\\\/cedric-aufildeleau.fr\\\/index.php\\\/message-bien-recu-a-tres-vite-au-bord-de-leau\\\/\",\"url\":\"https:\\\/\\\/cedric-aufildeleau.fr\\\/index.php\\\/message-bien-recu-a-tres-vite-au-bord-de-leau\\\/\",\"name\":\"Message bien re\u00e7u ! Je vous remercie. \u00c0 tr\u00e8s vite au bord de l'eau. - Cedric Fonty Guide de p\u00eache Puy de D\u00f4me\",\"isPartOf\":{\"@id\":\"https:\\\/\\\/cedric-aufildeleau.fr\\\/#website\"},\"primaryImageOfPage\":{\"@id\":\"https:\\\/\\\/cedric-aufildeleau.fr\\\/index.php\\\/message-bien-recu-a-tres-vite-au-bord-de-leau\\\/#primaryimage\"},\"image\":{\"@id\":\"https:\\\/\\\/cedric-aufildeleau.fr\\\/index.php\\\/message-bien-recu-a-tres-vite-au-bord-de-leau\\\/#primaryimage\"},\"thumbnailUrl\":\"https:\\\/\\\/cedric-aufildeleau.fr\\\/wp-content\\\/uploads\\\/2024\\\/12\\\/20211113_130931_013936-1024x768.webp\",\"datePublished\":\"2024-11-14T09:00:00+00:00\",\"dateModified\":\"2024-12-10T18:06:57+00:00\",\"description\":\"Message bien re\u00e7u ! \u00c0 tr\u00e8s vite au bord de l'eau.\",\"breadcrumb\":{\"@id\":\"https:\\\/\\\/cedric-aufildeleau.fr\\\/index.php\\\/message-bien-recu-a-tres-vite-au-bord-de-leau\\\/#breadcrumb\"},\"inLanguage\":\"fr-FR\",\"potentialAction\":[{\"@type\":\"ReadAction\",\"target\":[\"https:\\\/\\\/cedric-aufildeleau.fr\\\/index.php\\\/message-bien-recu-a-tres-vite-au-bord-de-leau\\\/\"]}]},{\"@type\":\"ImageObject\",\"inLanguage\":\"fr-FR\",\"@id\":\"https:\\\/\\\/cedric-aufildeleau.fr\\\/index.php\\\/message-bien-recu-a-tres-vite-au-bord-de-leau\\\/#primaryimage\",\"url\":\"https:\\\/\\\/cedric-aufildeleau.fr\\\/wp-content\\\/uploads\\\/2024\\\/12\\\/20211113_130931_013936.webp\",\"contentUrl\":\"https:\\\/\\\/cedric-aufildeleau.fr\\\/wp-content\\\/uploads\\\/2024\\\/12\\\/20211113_130931_013936.webp\",\"width\":1080,\"height\":810},{\"@type\":\"BreadcrumbList\",\"@id\":\"https:\\\/\\\/cedric-aufildeleau.fr\\\/index.php\\\/message-bien-recu-a-tres-vite-au-bord-de-leau\\\/#breadcrumb\",\"itemListElement\":[{\"@type\":\"ListItem\",\"position\":1,\"name\":\"Accueil\",\"item\":\"https:\\\/\\\/cedric-aufildeleau.fr\\\/\"},{\"@type\":\"ListItem\",\"position\":2,\"name\":\"Message bien re\u00e7u ! Je vous remercie. \u00c0 tr\u00e8s vite au bord de l&rsquo;eau.\"}]},{\"@type\":\"WebSite\",\"@id\":\"https:\\\/\\\/cedric-aufildeleau.fr\\\/#website\",\"url\":\"https:\\\/\\\/cedric-aufildeleau.fr\\\/\",\"name\":\"Cedric Fonty Guide de p\u00eache Puy de D\u00f4me\",\"description\":\"Au fil de l&#039;eau\",\"publisher\":{\"@id\":\"https:\\\/\\\/cedric-aufildeleau.fr\\\/#organization\"},\"potentialAction\":[{\"@type\":\"SearchAction\",\"target\":{\"@type\":\"EntryPoint\",\"urlTemplate\":\"https:\\\/\\\/cedric-aufildeleau.fr\\\/?s={search_term_string}\"},\"query-input\":{\"@type\":\"PropertyValueSpecification\",\"valueRequired\":true,\"valueName\":\"search_term_string\"}}],\"inLanguage\":\"fr-FR\"},{\"@type\":\"Organization\",\"@id\":\"https:\\\/\\\/cedric-aufildeleau.fr\\\/#organization\",\"name\":\"Cedric Fonty Guide de p\u00eache Puy de D\u00f4me\",\"url\":\"https:\\\/\\\/cedric-aufildeleau.fr\\\/\",\"logo\":{\"@type\":\"ImageObject\",\"inLanguage\":\"fr-FR\",\"@id\":\"https:\\\/\\\/cedric-aufildeleau.fr\\\/#\\\/schema\\\/logo\\\/image\\\/\",\"url\":\"https:\\\/\\\/cedric-aufildeleau.fr\\\/wp-content\\\/uploads\\\/2024\\\/11\\\/cropped-Avec-antenne-1-ligne-SITE-INTERNET.png\",\"contentUrl\":\"https:\\\/\\\/cedric-aufildeleau.fr\\\/wp-content\\\/uploads\\\/2024\\\/11\\\/cropped-Avec-antenne-1-ligne-SITE-INTERNET.png\",\"width\":385,\"height\":363,\"caption\":\"Cedric Fonty  Guide de p\u00eache Puy de D\u00f4me\"},\"image\":{\"@id\":\"https:\\\/\\\/cedric-aufildeleau.fr\\\/#\\\/schema\\\/logo\\\/image\\\/\"}}]}<\/script>\n<!-- \/ Yoast SEO plugin. -->","yoast_head_json":{"title":"Message bien re\u00e7u ! Je vous remercie. \u00c0 tr\u00e8s vite au bord de l'eau. - Cedric Fonty Guide de p\u00eache Puy de D\u00f4me","description":"Message bien re\u00e7u ! \u00c0 tr\u00e8s vite au bord de l'eau.","robots":{"index":"index","follow":"follow","max-snippet":"max-snippet:-1","max-image-preview":"max-image-preview:large","max-video-preview":"max-video-preview:-1"},"canonical":"https:\/\/cedric-aufildeleau.fr\/index.php\/message-bien-recu-a-tres-vite-au-bord-de-leau\/","og_locale":"fr_FR","og_type":"article","og_title":"Message bien re\u00e7u ! Je vous remercie. \u00c0 tr\u00e8s vite au bord de l'eau. - Cedric Fonty Guide de p\u00eache Puy de D\u00f4me","og_description":"Message bien re\u00e7u ! \u00c0 tr\u00e8s vite au bord de l'eau.","og_url":"https:\/\/cedric-aufildeleau.fr\/index.php\/message-bien-recu-a-tres-vite-au-bord-de-leau\/","og_site_name":"Cedric Fonty Guide de p\u00eache Puy de D\u00f4me","article_modified_time":"2024-12-10T18:06:57+00:00","og_image":[{"width":1080,"height":810,"url":"https:\/\/cedric-aufildeleau.fr\/wp-content\/uploads\/2024\/12\/20211113_130931_013936.webp","type":"image\/webp"}],"twitter_card":"summary_large_image","twitter_misc":{"Dur\u00e9e de lecture estim\u00e9e":"1 minute"},"schema":{"@context":"https:\/\/schema.org","@graph":[{"@type":"WebPage","@id":"https:\/\/cedric-aufildeleau.fr\/index.php\/message-bien-recu-a-tres-vite-au-bord-de-leau\/","url":"https:\/\/cedric-aufildeleau.fr\/index.php\/message-bien-recu-a-tres-vite-au-bord-de-leau\/","name":"Message bien re\u00e7u ! Je vous remercie. \u00c0 tr\u00e8s vite au bord de l'eau. - Cedric Fonty Guide de p\u00eache Puy de D\u00f4me","isPartOf":{"@id":"https:\/\/cedric-aufildeleau.fr\/#website"},"primaryImageOfPage":{"@id":"https:\/\/cedric-aufildeleau.fr\/index.php\/message-bien-recu-a-tres-vite-au-bord-de-leau\/#primaryimage"},"image":{"@id":"https:\/\/cedric-aufildeleau.fr\/index.php\/message-bien-recu-a-tres-vite-au-bord-de-leau\/#primaryimage"},"thumbnailUrl":"https:\/\/cedric-aufildeleau.fr\/wp-content\/uploads\/2024\/12\/20211113_130931_013936-1024x768.webp","datePublished":"2024-11-14T09:00:00+00:00","dateModified":"2024-12-10T18:06:57+00:00","description":"Message bien re\u00e7u ! \u00c0 tr\u00e8s vite au bord de l'eau.","breadcrumb":{"@id":"https:\/\/cedric-aufildeleau.fr\/index.php\/message-bien-recu-a-tres-vite-au-bord-de-leau\/#breadcrumb"},"inLanguage":"fr-FR","potentialAction":[{"@type":"ReadAction","target":["https:\/\/cedric-aufildeleau.fr\/index.php\/message-bien-recu-a-tres-vite-au-bord-de-leau\/"]}]},{"@type":"ImageObject","inLanguage":"fr-FR","@id":"https:\/\/cedric-aufildeleau.fr\/index.php\/message-bien-recu-a-tres-vite-au-bord-de-leau\/#primaryimage","url":"https:\/\/cedric-aufildeleau.fr\/wp-content\/uploads\/2024\/12\/20211113_130931_013936.webp","contentUrl":"https:\/\/cedric-aufildeleau.fr\/wp-content\/uploads\/2024\/12\/20211113_130931_013936.webp","width":1080,"height":810},{"@type":"BreadcrumbList","@id":"https:\/\/cedric-aufildeleau.fr\/index.php\/message-bien-recu-a-tres-vite-au-bord-de-leau\/#breadcrumb","itemListElement":[{"@type":"ListItem","position":1,"name":"Accueil","item":"https:\/\/cedric-aufildeleau.fr\/"},{"@type":"ListItem","position":2,"name":"Message bien re\u00e7u ! Je vous remercie. \u00c0 tr\u00e8s vite au bord de l&rsquo;eau."}]},{"@type":"WebSite","@id":"https:\/\/cedric-aufildeleau.fr\/#website","url":"https:\/\/cedric-aufildeleau.fr\/","name":"Cedric Fonty Guide de p\u00eache Puy de D\u00f4me","description":"Au fil de l&#039;eau","publisher":{"@id":"https:\/\/cedric-aufildeleau.fr\/#organization"},"potentialAction":[{"@type":"SearchAction","target":{"@type":"EntryPoint","urlTemplate":"https:\/\/cedric-aufildeleau.fr\/?s={search_term_string}"},"query-input":{"@type":"PropertyValueSpecification","valueRequired":true,"valueName":"search_term_string"}}],"inLanguage":"fr-FR"},{"@type":"Organization","@id":"https:\/\/cedric-aufildeleau.fr\/#organization","name":"Cedric Fonty Guide de p\u00eache Puy de D\u00f4me","url":"https:\/\/cedric-aufildeleau.fr\/","logo":{"@type":"ImageObject","inLanguage":"fr-FR","@id":"https:\/\/cedric-aufildeleau.fr\/#\/schema\/logo\/image\/","url":"https:\/\/cedric-aufildeleau.fr\/wp-content\/uploads\/2024\/11\/cropped-Avec-antenne-1-ligne-SITE-INTERNET.png","contentUrl":"https:\/\/cedric-aufildeleau.fr\/wp-content\/uploads\/2024\/11\/cropped-Avec-antenne-1-ligne-SITE-INTERNET.png","width":385,"height":363,"caption":"Cedric Fonty  Guide de p\u00eache Puy de D\u00f4me"},"image":{"@id":"https:\/\/cedric-aufildeleau.fr\/#\/schema\/logo\/image\/"}}]}},"uagb_featured_image_src":{"full":false,"thumbnail":false,"medium":false,"medium_large":false,"large":false,"1536x1536":false,"2048x2048":false},"uagb_author_info":{"display_name":"C\u00e9dric Fonty","author_link":"https:\/\/cedric-aufildeleau.fr\/index.php\/author\/admin2000\/"},"uagb_comment_info":0,"uagb_excerpt":"Message bien re\u00e7u ! Je vous remercie. \u00c0 tr\u00e8s vite au bord de l&rsquo;eau.","_links":{"self":[{"href":"https:\/\/cedric-aufildeleau.fr\/index.php\/wp-json\/wp\/v2\/pages\/214","targetHints":{"allow":["GET"]}}],"collection":[{"href":"https:\/\/cedric-aufildeleau.fr\/index.php\/wp-json\/wp\/v2\/pages"}],"about":[{"href":"https:\/\/cedric-aufildeleau.fr\/index.php\/wp-json\/wp\/v2\/types\/page"}],"author":[{"embeddable":true,"href":"https:\/\/cedric-aufildeleau.fr\/index.php\/wp-json\/wp\/v2\/users\/1"}],"replies":[{"embeddable":true,"href":"https:\/\/cedric-aufildeleau.fr\/index.php\/wp-json\/wp\/v2\/comments?post=214"}],"version-history":[{"count":17,"href":"https:\/\/cedric-aufildeleau.fr\/index.php\/wp-json\/wp\/v2\/pages\/214\/revisions"}],"predecessor-version":[{"id":1079,"href":"https:\/\/cedric-aufildeleau.fr\/index.php\/wp-json\/wp\/v2\/pages\/214\/revisions\/1079"}],"wp:attachment":[{"href":"https:\/\/cedric-aufildeleau.fr\/index.php\/wp-json\/wp\/v2\/media?parent=214"}],"curies":[{"name":"wp","href":"https:\/\/api.w.org\/{rel}","templated":true}]}}