{"id":43,"date":"2024-10-04T15:35:17","date_gmt":"2024-10-04T13:35:17","guid":{"rendered":"http:\/\/cedric-aufildeleau.fr\/?page_id=43"},"modified":"2024-12-12T12:04:00","modified_gmt":"2024-12-12T11:04:00","slug":"contacter-cedric-fonty-guide-de-peche","status":"publish","type":"page","link":"https:\/\/cedric-aufildeleau.fr\/index.php\/contacter-cedric-fonty-guide-de-peche\/","title":{"rendered":"Contact"},"content":{"rendered":"\n<p class=\"has-medium-font-size\">Contacter C\u00e9dric Fonty \u2013 Guide P\u00eache Puy-de-D\u00f4me : Vous avez des envies sp\u00e9cifiques ou des questions qui ne figurent pas dans la <a href=\"https:\/\/cedric-aufildeleau.fr\/index.php\/faq-cedric-au-fil-de-leau-prestations-peche\/\">FAQ<\/a> ? Je suis \u00e0 votre disposition pour r\u00e9pondre \u00e0 toutes vos demandes de prestations ou de devis particuliers, que ce soit par t\u00e9l\u00e9phone ou par e-mail.<\/p>\n\n\n\n<p class=\"has-medium-font-size\">\ud83d\udcde <strong>T\u00e9l\u00e9phone :<\/strong> 06.10.19.32.59<br>\u2709\ufe0f <strong>E-mail :<\/strong> <a>cedric.fonty@outlook.fr<\/a><\/p>\n\n\n\n<p class=\"has-medium-font-size\">Je serais toujours ravi d\u2019\u00e9changer avec vous et de vous accompagner dans vos projets autour de la p\u00eache. <\/p>\n\n\n\n<p class=\"has-medium-font-size\">N\u2019h\u00e9sitez pas \u00e0 me solliciter, je ferai de mon mieux pour vous apporter une r\u00e9ponse rapide et personnalis\u00e9e.<\/p>\n\n\n\n<div class=\"wp-block-uagb-buttons uagb-buttons__outer-wrap uagb-btn__extralarge-btn uagb-btn-tablet__default-btn uagb-btn-mobile__default-btn uagb-block-118473ba\"><div class=\"uagb-buttons__wrap uagb-buttons-layout-wrap \">\n<div class=\"wp-block-uagb-buttons-child uagb-buttons__outer-wrap uagb-block-5bd20fe9 wp-block-button\"><div class=\"uagb-button__wrapper\"><a class=\"uagb-buttons-repeater wp-block-button__link\" aria-label=\"\" href=\"https:\/\/tally.so\/r\/wb2eP1\" rel=\"follow noopener\" target=\"_blank\" role=\"button\"><div class=\"uagb-button__link\">Contactez C\u00e9dric Au Fil de l&rsquo;Eau<\/div><span class=\"uagb-button__icon uagb-button__icon-position-after\"><svg xmlns=\"https:\/\/www.w3.org\/2000\/svg\" viewBox=\"0 0 448 512\" aria-hidden=\"true\" focussable=\"false\"><path d=\"M438.6 278.6l-160 160C272.4 444.9 264.2 448 256 448s-16.38-3.125-22.62-9.375c-12.5-12.5-12.5-32.75 0-45.25L338.8 288H32C14.33 288 .0016 273.7 .0016 256S14.33 224 32 224h306.8l-105.4-105.4c-12.5-12.5-12.5-32.75 0-45.25s32.75-12.5 45.25 0l160 160C451.1 245.9 451.1 266.1 438.6 278.6z\"><\/path><\/svg><\/span><\/a><\/div><\/div>\n<\/div><\/div>\n\n\n\n<figure class=\"wp-block-gallery has-nested-images columns-default is-cropped wp-block-gallery-1 is-layout-flex wp-block-gallery-is-layout-flex\">\n<figure class=\"wp-block-image size-large has-custom-border\"><img loading=\"lazy\" decoding=\"async\" width=\"1024\" height=\"768\" data-id=\"953\" src=\"https:\/\/cedric-aufildeleau.fr\/wp-content\/uploads\/2024\/12\/IMG_0044-1024x768.webp\" alt=\" C\u00e9dric Fonty, moniteur-guide de p\u00eache \u2013 Puy-de-D\u00f4me. Barrage de la SEP.\" class=\"has-border-color wp-image-953\" style=\"border-color:#ffffff;border-width:1px;border-radius:24px\" srcset=\"https:\/\/cedric-aufildeleau.fr\/wp-content\/uploads\/2024\/12\/IMG_0044-1024x768.webp 1024w, https:\/\/cedric-aufildeleau.fr\/wp-content\/uploads\/2024\/12\/IMG_0044-300x225.webp 300w, https:\/\/cedric-aufildeleau.fr\/wp-content\/uploads\/2024\/12\/IMG_0044-768x576.webp 768w, https:\/\/cedric-aufildeleau.fr\/wp-content\/uploads\/2024\/12\/IMG_0044.webp 1080w\" sizes=\"auto, (max-width: 1024px) 100vw, 1024px\" \/><\/figure>\n\n\n\n<figure class=\"wp-block-image size-large has-custom-border\"><img loading=\"lazy\" decoding=\"async\" width=\"1024\" height=\"576\" data-id=\"954\" src=\"https:\/\/cedric-aufildeleau.fr\/wp-content\/uploads\/2024\/12\/PXL_20201018_125821038-1-1024x576.webp\" alt=\" C\u00e9dric Fonty, moniteur-guide de p\u00eache \u2013 Puy-de-D\u00f4me. P\u00eache au leurre.\" class=\"has-border-color wp-image-954\" style=\"border-color:#ffffff;border-width:1px;border-radius:24px\" srcset=\"https:\/\/cedric-aufildeleau.fr\/wp-content\/uploads\/2024\/12\/PXL_20201018_125821038-1-1024x576.webp 1024w, https:\/\/cedric-aufildeleau.fr\/wp-content\/uploads\/2024\/12\/PXL_20201018_125821038-1-300x169.webp 300w, https:\/\/cedric-aufildeleau.fr\/wp-content\/uploads\/2024\/12\/PXL_20201018_125821038-1-768x432.webp 768w, https:\/\/cedric-aufildeleau.fr\/wp-content\/uploads\/2024\/12\/PXL_20201018_125821038-1.webp 1080w\" sizes=\"auto, (max-width: 1024px) 100vw, 1024px\" \/><\/figure>\n\n\n\n<figure class=\"wp-block-image size-large has-custom-border\"><img loading=\"lazy\" decoding=\"async\" width=\"1024\" height=\"576\" data-id=\"955\" src=\"https:\/\/cedric-aufildeleau.fr\/wp-content\/uploads\/2024\/12\/Resized_20201017_1539541-1-1024x576.webp\" alt=\" C\u00e9dric Fonty, moniteur-guide de p\u00eache \u2013 Puy-de-D\u00f4me. Brochet Barrage des Fades\" class=\"has-border-color wp-image-955\" style=\"border-color:var(--ast-global-color-5);border-width:1px;border-radius:24px\" srcset=\"https:\/\/cedric-aufildeleau.fr\/wp-content\/uploads\/2024\/12\/Resized_20201017_1539541-1-1024x576.webp 1024w, https:\/\/cedric-aufildeleau.fr\/wp-content\/uploads\/2024\/12\/Resized_20201017_1539541-1-300x169.webp 300w, https:\/\/cedric-aufildeleau.fr\/wp-content\/uploads\/2024\/12\/Resized_20201017_1539541-1-768x432.webp 768w, https:\/\/cedric-aufildeleau.fr\/wp-content\/uploads\/2024\/12\/Resized_20201017_1539541-1-1536x864.webp 1536w, https:\/\/cedric-aufildeleau.fr\/wp-content\/uploads\/2024\/12\/Resized_20201017_1539541-1.webp 1920w\" sizes=\"auto, (max-width: 1024px) 100vw, 1024px\" \/><\/figure>\n<\/figure>\n\n\n\n<p><\/p>\n","protected":false},"excerpt":{"rendered":"<p>Contacter C\u00e9dric Fonty \u2013 Guide P\u00eache Puy-de-D\u00f4me : Vous avez des envies sp\u00e9cifiques ou des questions qui ne figurent pas [&hellip;]<\/p>\n","protected":false},"author":1,"featured_media":943,"parent":0,"menu_order":0,"comment_status":"closed","ping_status":"closed","template":"","meta":{"_uag_custom_page_level_css":"","site-sidebar-layout":"default","site-content-layout":"","ast-site-content-layout":"","site-content-style":"default","site-sidebar-style":"default","ast-global-header-display":"","ast-banner-title-visibility":"","ast-main-header-display":"","ast-hfb-above-header-display":"","ast-hfb-below-header-display":"","ast-hfb-mobile-header-display":"","site-post-title":"disabled","ast-breadcrumbs-content":"","ast-featured-img":"","footer-sml-layout":"","ast-disable-related-posts":"","theme-transparent-header-meta":"","adv-header-id-meta":"","stick-header-meta":"","header-above-stick-meta":"","header-main-stick-meta":"","header-below-stick-meta":"","astra-migrate-meta-layouts":"default","ast-page-background-enabled":"default","ast-page-background-meta":{"desktop":{"background-color":"var(--ast-global-color-4)","background-image":"","background-repeat":"repeat","background-position":"center center","background-size":"auto","background-attachment":"scroll","background-type":"","background-media":"","overlay-type":"","overlay-color":"","overlay-opacity":"","overlay-gradient":""},"tablet":{"background-color":"","background-image":"","background-repeat":"repeat","background-position":"center center","background-size":"auto","background-attachment":"scroll","background-type":"","background-media":"","overlay-type":"","overlay-color":"","overlay-opacity":"","overlay-gradient":""},"mobile":{"background-color":"","background-image":"","background-repeat":"repeat","background-position":"center center","background-size":"auto","background-attachment":"scroll","background-type":"","background-media":"","overlay-type":"","overlay-color":"","overlay-opacity":"","overlay-gradient":""}},"ast-content-background-meta":{"desktop":{"background-color":"var(--ast-global-color-5)","background-image":"","background-repeat":"repeat","background-position":"center center","background-size":"auto","background-attachment":"scroll","background-type":"","background-media":"","overlay-type":"","overlay-color":"","overlay-opacity":"","overlay-gradient":""},"tablet":{"background-color":"var(--ast-global-color-5)","background-image":"","background-repeat":"repeat","background-position":"center center","background-size":"auto","background-attachment":"scroll","background-type":"","background-media":"","overlay-type":"","overlay-color":"","overlay-opacity":"","overlay-gradient":""},"mobile":{"background-color":"var(--ast-global-color-5)","background-image":"","background-repeat":"repeat","background-position":"center center","background-size":"auto","background-attachment":"scroll","background-type":"","background-media":"","overlay-type":"","overlay-color":"","overlay-opacity":"","overlay-gradient":""}},"footnotes":""},"class_list":["post-43","page","type-page","status-publish","has-post-thumbnail","hentry"],"yoast_head":"<!-- This site is optimized with the Yoast SEO plugin v27.4 - https:\/\/yoast.com\/product\/yoast-seo-wordpress\/ -->\n<title>Contacter C\u00e9dric Fonty \u2013 Guide P\u00eache Puy-de-D\u00f4me<\/title>\n<meta name=\"description\" content=\"Contacter C\u00e9dric Fonty \u2013 Guide: P\u00eache Puy-de-D\u00f4me. Toc Appat Naturel\/Nymphe, feeder, coup, Float-Tube, adapt\u00e9 au handicap,centres de loisirs\" \/>\n<meta name=\"robots\" content=\"index, follow, max-snippet:-1, max-image-preview:large, max-video-preview:-1\" \/>\n<link rel=\"canonical\" href=\"https:\/\/cedric-aufildeleau.fr\/index.php\/contacter-cedric-fonty-guide-de-peche\/\" \/>\n<meta property=\"og:locale\" content=\"fr_FR\" \/>\n<meta property=\"og:type\" content=\"article\" \/>\n<meta property=\"og:title\" content=\"Contacter C\u00e9dric Fonty \u2013 Guide P\u00eache Puy-de-D\u00f4me\" \/>\n<meta property=\"og:description\" content=\"Contacter C\u00e9dric Fonty \u2013 Guide: P\u00eache Puy-de-D\u00f4me. Toc Appat Naturel\/Nymphe, feeder, coup, Float-Tube, adapt\u00e9 au handicap,centres de loisirs\" \/>\n<meta property=\"og:url\" content=\"https:\/\/cedric-aufildeleau.fr\/index.php\/contacter-cedric-fonty-guide-de-peche\/\" \/>\n<meta property=\"og:site_name\" content=\"Cedric Fonty Guide de p\u00eache Puy de D\u00f4me\" \/>\n<meta property=\"article:modified_time\" content=\"2024-12-12T11:04:00+00:00\" \/>\n<meta property=\"og:image\" content=\"https:\/\/cedric-aufildeleau.fr\/wp-content\/uploads\/2024\/12\/PXL_20210925_105354514-scaled.jpg\" \/>\n\t<meta property=\"og:image:width\" content=\"2560\" \/>\n\t<meta property=\"og:image:height\" content=\"1440\" \/>\n\t<meta property=\"og:image:type\" content=\"image\/jpeg\" \/>\n<meta name=\"twitter:card\" content=\"summary_large_image\" \/>\n<meta name=\"twitter:label1\" content=\"Dur\u00e9e de lecture estim\u00e9e\" \/>\n\t<meta name=\"twitter:data1\" content=\"2 minutes\" \/>\n<script type=\"application\/ld+json\" class=\"yoast-schema-graph\">{\"@context\":\"https:\\\/\\\/schema.org\",\"@graph\":[{\"@type\":\"WebPage\",\"@id\":\"https:\\\/\\\/cedric-aufildeleau.fr\\\/index.php\\\/contacter-cedric-fonty-guide-de-peche\\\/\",\"url\":\"https:\\\/\\\/cedric-aufildeleau.fr\\\/index.php\\\/contacter-cedric-fonty-guide-de-peche\\\/\",\"name\":\"Contacter C\u00e9dric Fonty \u2013 Guide P\u00eache Puy-de-D\u00f4me\",\"isPartOf\":{\"@id\":\"https:\\\/\\\/cedric-aufildeleau.fr\\\/#website\"},\"primaryImageOfPage\":{\"@id\":\"https:\\\/\\\/cedric-aufildeleau.fr\\\/index.php\\\/contacter-cedric-fonty-guide-de-peche\\\/#primaryimage\"},\"image\":{\"@id\":\"https:\\\/\\\/cedric-aufildeleau.fr\\\/index.php\\\/contacter-cedric-fonty-guide-de-peche\\\/#primaryimage\"},\"thumbnailUrl\":\"https:\\\/\\\/cedric-aufildeleau.fr\\\/wp-content\\\/uploads\\\/2024\\\/12\\\/PXL_20210925_105354514-scaled.jpg\",\"datePublished\":\"2024-10-04T13:35:17+00:00\",\"dateModified\":\"2024-12-12T11:04:00+00:00\",\"description\":\"Contacter C\u00e9dric Fonty \u2013 Guide: P\u00eache Puy-de-D\u00f4me. Toc Appat Naturel\\\/Nymphe, feeder, coup, Float-Tube, adapt\u00e9 au handicap,centres de loisirs\",\"breadcrumb\":{\"@id\":\"https:\\\/\\\/cedric-aufildeleau.fr\\\/index.php\\\/contacter-cedric-fonty-guide-de-peche\\\/#breadcrumb\"},\"inLanguage\":\"fr-FR\",\"potentialAction\":[{\"@type\":\"ReadAction\",\"target\":[\"https:\\\/\\\/cedric-aufildeleau.fr\\\/index.php\\\/contacter-cedric-fonty-guide-de-peche\\\/\"]}]},{\"@type\":\"ImageObject\",\"inLanguage\":\"fr-FR\",\"@id\":\"https:\\\/\\\/cedric-aufildeleau.fr\\\/index.php\\\/contacter-cedric-fonty-guide-de-peche\\\/#primaryimage\",\"url\":\"https:\\\/\\\/cedric-aufildeleau.fr\\\/wp-content\\\/uploads\\\/2024\\\/12\\\/PXL_20210925_105354514-scaled.jpg\",\"contentUrl\":\"https:\\\/\\\/cedric-aufildeleau.fr\\\/wp-content\\\/uploads\\\/2024\\\/12\\\/PXL_20210925_105354514-scaled.jpg\",\"width\":2560,\"height\":1440},{\"@type\":\"BreadcrumbList\",\"@id\":\"https:\\\/\\\/cedric-aufildeleau.fr\\\/index.php\\\/contacter-cedric-fonty-guide-de-peche\\\/#breadcrumb\",\"itemListElement\":[{\"@type\":\"ListItem\",\"position\":1,\"name\":\"Accueil\",\"item\":\"https:\\\/\\\/cedric-aufildeleau.fr\\\/\"},{\"@type\":\"ListItem\",\"position\":2,\"name\":\"Contact\"}]},{\"@type\":\"WebSite\",\"@id\":\"https:\\\/\\\/cedric-aufildeleau.fr\\\/#website\",\"url\":\"https:\\\/\\\/cedric-aufildeleau.fr\\\/\",\"name\":\"Cedric Fonty Guide de p\u00eache Puy de D\u00f4me\",\"description\":\"Au fil de l&#039;eau\",\"publisher\":{\"@id\":\"https:\\\/\\\/cedric-aufildeleau.fr\\\/#organization\"},\"potentialAction\":[{\"@type\":\"SearchAction\",\"target\":{\"@type\":\"EntryPoint\",\"urlTemplate\":\"https:\\\/\\\/cedric-aufildeleau.fr\\\/?s={search_term_string}\"},\"query-input\":{\"@type\":\"PropertyValueSpecification\",\"valueRequired\":true,\"valueName\":\"search_term_string\"}}],\"inLanguage\":\"fr-FR\"},{\"@type\":\"Organization\",\"@id\":\"https:\\\/\\\/cedric-aufildeleau.fr\\\/#organization\",\"name\":\"Cedric Fonty Guide de p\u00eache Puy de D\u00f4me\",\"url\":\"https:\\\/\\\/cedric-aufildeleau.fr\\\/\",\"logo\":{\"@type\":\"ImageObject\",\"inLanguage\":\"fr-FR\",\"@id\":\"https:\\\/\\\/cedric-aufildeleau.fr\\\/#\\\/schema\\\/logo\\\/image\\\/\",\"url\":\"https:\\\/\\\/cedric-aufildeleau.fr\\\/wp-content\\\/uploads\\\/2024\\\/11\\\/cropped-Avec-antenne-1-ligne-SITE-INTERNET.png\",\"contentUrl\":\"https:\\\/\\\/cedric-aufildeleau.fr\\\/wp-content\\\/uploads\\\/2024\\\/11\\\/cropped-Avec-antenne-1-ligne-SITE-INTERNET.png\",\"width\":385,\"height\":363,\"caption\":\"Cedric Fonty  Guide de p\u00eache Puy de D\u00f4me\"},\"image\":{\"@id\":\"https:\\\/\\\/cedric-aufildeleau.fr\\\/#\\\/schema\\\/logo\\\/image\\\/\"}}]}<\/script>\n<!-- \/ Yoast SEO plugin. -->","yoast_head_json":{"title":"Contacter C\u00e9dric Fonty \u2013 Guide P\u00eache Puy-de-D\u00f4me","description":"Contacter C\u00e9dric Fonty \u2013 Guide: P\u00eache Puy-de-D\u00f4me. Toc Appat Naturel\/Nymphe, feeder, coup, Float-Tube, adapt\u00e9 au handicap,centres de loisirs","robots":{"index":"index","follow":"follow","max-snippet":"max-snippet:-1","max-image-preview":"max-image-preview:large","max-video-preview":"max-video-preview:-1"},"canonical":"https:\/\/cedric-aufildeleau.fr\/index.php\/contacter-cedric-fonty-guide-de-peche\/","og_locale":"fr_FR","og_type":"article","og_title":"Contacter C\u00e9dric Fonty \u2013 Guide P\u00eache Puy-de-D\u00f4me","og_description":"Contacter C\u00e9dric Fonty \u2013 Guide: P\u00eache Puy-de-D\u00f4me. Toc Appat Naturel\/Nymphe, feeder, coup, Float-Tube, adapt\u00e9 au handicap,centres de loisirs","og_url":"https:\/\/cedric-aufildeleau.fr\/index.php\/contacter-cedric-fonty-guide-de-peche\/","og_site_name":"Cedric Fonty Guide de p\u00eache Puy de D\u00f4me","article_modified_time":"2024-12-12T11:04:00+00:00","og_image":[{"width":2560,"height":1440,"url":"https:\/\/cedric-aufildeleau.fr\/wp-content\/uploads\/2024\/12\/PXL_20210925_105354514-scaled.jpg","type":"image\/jpeg"}],"twitter_card":"summary_large_image","twitter_misc":{"Dur\u00e9e de lecture estim\u00e9e":"2 minutes"},"schema":{"@context":"https:\/\/schema.org","@graph":[{"@type":"WebPage","@id":"https:\/\/cedric-aufildeleau.fr\/index.php\/contacter-cedric-fonty-guide-de-peche\/","url":"https:\/\/cedric-aufildeleau.fr\/index.php\/contacter-cedric-fonty-guide-de-peche\/","name":"Contacter C\u00e9dric Fonty \u2013 Guide P\u00eache Puy-de-D\u00f4me","isPartOf":{"@id":"https:\/\/cedric-aufildeleau.fr\/#website"},"primaryImageOfPage":{"@id":"https:\/\/cedric-aufildeleau.fr\/index.php\/contacter-cedric-fonty-guide-de-peche\/#primaryimage"},"image":{"@id":"https:\/\/cedric-aufildeleau.fr\/index.php\/contacter-cedric-fonty-guide-de-peche\/#primaryimage"},"thumbnailUrl":"https:\/\/cedric-aufildeleau.fr\/wp-content\/uploads\/2024\/12\/PXL_20210925_105354514-scaled.jpg","datePublished":"2024-10-04T13:35:17+00:00","dateModified":"2024-12-12T11:04:00+00:00","description":"Contacter C\u00e9dric Fonty \u2013 Guide: P\u00eache Puy-de-D\u00f4me. Toc Appat Naturel\/Nymphe, feeder, coup, Float-Tube, adapt\u00e9 au handicap,centres de loisirs","breadcrumb":{"@id":"https:\/\/cedric-aufildeleau.fr\/index.php\/contacter-cedric-fonty-guide-de-peche\/#breadcrumb"},"inLanguage":"fr-FR","potentialAction":[{"@type":"ReadAction","target":["https:\/\/cedric-aufildeleau.fr\/index.php\/contacter-cedric-fonty-guide-de-peche\/"]}]},{"@type":"ImageObject","inLanguage":"fr-FR","@id":"https:\/\/cedric-aufildeleau.fr\/index.php\/contacter-cedric-fonty-guide-de-peche\/#primaryimage","url":"https:\/\/cedric-aufildeleau.fr\/wp-content\/uploads\/2024\/12\/PXL_20210925_105354514-scaled.jpg","contentUrl":"https:\/\/cedric-aufildeleau.fr\/wp-content\/uploads\/2024\/12\/PXL_20210925_105354514-scaled.jpg","width":2560,"height":1440},{"@type":"BreadcrumbList","@id":"https:\/\/cedric-aufildeleau.fr\/index.php\/contacter-cedric-fonty-guide-de-peche\/#breadcrumb","itemListElement":[{"@type":"ListItem","position":1,"name":"Accueil","item":"https:\/\/cedric-aufildeleau.fr\/"},{"@type":"ListItem","position":2,"name":"Contact"}]},{"@type":"WebSite","@id":"https:\/\/cedric-aufildeleau.fr\/#website","url":"https:\/\/cedric-aufildeleau.fr\/","name":"Cedric Fonty Guide de p\u00eache Puy de D\u00f4me","description":"Au fil de l&#039;eau","publisher":{"@id":"https:\/\/cedric-aufildeleau.fr\/#organization"},"potentialAction":[{"@type":"SearchAction","target":{"@type":"EntryPoint","urlTemplate":"https:\/\/cedric-aufildeleau.fr\/?s={search_term_string}"},"query-input":{"@type":"PropertyValueSpecification","valueRequired":true,"valueName":"search_term_string"}}],"inLanguage":"fr-FR"},{"@type":"Organization","@id":"https:\/\/cedric-aufildeleau.fr\/#organization","name":"Cedric Fonty Guide de p\u00eache Puy de D\u00f4me","url":"https:\/\/cedric-aufildeleau.fr\/","logo":{"@type":"ImageObject","inLanguage":"fr-FR","@id":"https:\/\/cedric-aufildeleau.fr\/#\/schema\/logo\/image\/","url":"https:\/\/cedric-aufildeleau.fr\/wp-content\/uploads\/2024\/11\/cropped-Avec-antenne-1-ligne-SITE-INTERNET.png","contentUrl":"https:\/\/cedric-aufildeleau.fr\/wp-content\/uploads\/2024\/11\/cropped-Avec-antenne-1-ligne-SITE-INTERNET.png","width":385,"height":363,"caption":"Cedric Fonty  Guide de p\u00eache Puy de D\u00f4me"},"image":{"@id":"https:\/\/cedric-aufildeleau.fr\/#\/schema\/logo\/image\/"}}]}},"uagb_featured_image_src":{"full":["https:\/\/cedric-aufildeleau.fr\/wp-content\/uploads\/2024\/12\/PXL_20210925_105354514-scaled.jpg",2560,1440,false],"thumbnail":["https:\/\/cedric-aufildeleau.fr\/wp-content\/uploads\/2024\/12\/PXL_20210925_105354514-150x150.jpg",150,150,true],"medium":["https:\/\/cedric-aufildeleau.fr\/wp-content\/uploads\/2024\/12\/PXL_20210925_105354514-300x169.jpg",300,169,true],"medium_large":["https:\/\/cedric-aufildeleau.fr\/wp-content\/uploads\/2024\/12\/PXL_20210925_105354514-768x432.jpg",768,432,true],"large":["https:\/\/cedric-aufildeleau.fr\/wp-content\/uploads\/2024\/12\/PXL_20210925_105354514-1024x576.jpg",1024,576,true],"1536x1536":["https:\/\/cedric-aufildeleau.fr\/wp-content\/uploads\/2024\/12\/PXL_20210925_105354514-1536x864.jpg",1536,864,true],"2048x2048":["https:\/\/cedric-aufildeleau.fr\/wp-content\/uploads\/2024\/12\/PXL_20210925_105354514-2048x1152.jpg",2048,1152,true]},"uagb_author_info":{"display_name":"C\u00e9dric Fonty","author_link":"https:\/\/cedric-aufildeleau.fr\/index.php\/author\/admin2000\/"},"uagb_comment_info":0,"uagb_excerpt":"Contacter C\u00e9dric Fonty \u2013 Guide P\u00eache Puy-de-D\u00f4me : Vous avez des envies sp\u00e9cifiques ou des questions qui ne figurent pas [&hellip;]","_links":{"self":[{"href":"https:\/\/cedric-aufildeleau.fr\/index.php\/wp-json\/wp\/v2\/pages\/43","targetHints":{"allow":["GET"]}}],"collection":[{"href":"https:\/\/cedric-aufildeleau.fr\/index.php\/wp-json\/wp\/v2\/pages"}],"about":[{"href":"https:\/\/cedric-aufildeleau.fr\/index.php\/wp-json\/wp\/v2\/types\/page"}],"author":[{"embeddable":true,"href":"https:\/\/cedric-aufildeleau.fr\/index.php\/wp-json\/wp\/v2\/users\/1"}],"replies":[{"embeddable":true,"href":"https:\/\/cedric-aufildeleau.fr\/index.php\/wp-json\/wp\/v2\/comments?post=43"}],"version-history":[{"count":28,"href":"https:\/\/cedric-aufildeleau.fr\/index.php\/wp-json\/wp\/v2\/pages\/43\/revisions"}],"predecessor-version":[{"id":1297,"href":"https:\/\/cedric-aufildeleau.fr\/index.php\/wp-json\/wp\/v2\/pages\/43\/revisions\/1297"}],"wp:featuredmedia":[{"embeddable":true,"href":"https:\/\/cedric-aufildeleau.fr\/index.php\/wp-json\/wp\/v2\/media\/943"}],"wp:attachment":[{"href":"https:\/\/cedric-aufildeleau.fr\/index.php\/wp-json\/wp\/v2\/media?parent=43"}],"curies":[{"name":"wp","href":"https:\/\/api.w.org\/{rel}","templated":true}]}}